{"id":16,"date":"2023-06-27T06:17:44","date_gmt":"2023-06-27T06:17:44","guid":{"rendered":"https:\/\/almabeauty-laser.com\/?page_id=16"},"modified":"2023-07-08T09:29:18","modified_gmt":"2023-07-08T09:29:18","slug":"news","status":"publish","type":"page","link":"https:\/\/almabeauty-laser.com\/es\/news\/","title":{"rendered":"Noticias"},"content":{"rendered":"<div data-elementor-type=\"wp-page\" data-elementor-id=\"16\" class=\"elementor elementor-16\">\n\t\t\t\t\t\t\t\t\t<section class=\"wd-negative-gap elementor-section elementor-top-section elementor-element elementor-element-872f8ea wd-section-stretch elementor-section-boxed elementor-section-height-default elementor-section-height-default\" data-id=\"872f8ea\" data-element_type=\"section\" data-settings=\"{&quot;background_background&quot;:&quot;classic&quot;}\">\n\t\t\t\t\t\t<div class=\"elementor-container elementor-column-gap-default\">\n\t\t\t\t\t<div class=\"elementor-column elementor-col-100 elementor-top-column elementor-element elementor-element-159870c\" data-id=\"159870c\" data-element_type=\"column\">\n\t\t\t<div class=\"elementor-widget-wrap elementor-element-populated\">\n\t\t\t\t\t\t\t\t<div class=\"elementor-element elementor-element-b9e9641 elementor-widget elementor-widget-wd_text_block\" data-id=\"b9e9641\" data-element_type=\"widget\" data-widget_type=\"wd_text_block.default\">\n\t\t\t\t<div class=\"elementor-widget-container\">\n\t\t\t\t\t<div class=\"wd-text-block reset-last-child text-center\">\n\t\t\t\n\t\t\t<p>Noticias<span style=\"font-size: 50px; background-color: var(--wd-main-bgcolor);\"><\/span><\/p>\n\t\t\t\t\t<\/div>\n\t\t\t\t<\/div>\n\t\t\t\t<\/div>\n\t\t\t\t\t<\/div>\n\t\t<\/div>\n\t\t\t\t\t\t\t<\/div>\n\t\t<\/section>\n\t\t\t\t<section class=\"elementor-section elementor-top-section elementor-element elementor-element-01bb6fa wd-section-stretch elementor-section-boxed elementor-section-height-default elementor-section-height-default\" data-id=\"01bb6fa\" data-element_type=\"section\">\n\t\t\t\t\t\t<div class=\"elementor-container elementor-column-gap-default\">\n\t\t\t\t\t<div class=\"elementor-column elementor-col-100 elementor-top-column elementor-element elementor-element-7206837\" data-id=\"7206837\" data-element_type=\"column\">\n\t\t\t<div class=\"elementor-widget-wrap elementor-element-populated\">\n\t\t\t\t\t\t\t\t<div class=\"elementor-element elementor-element-53cf5a4 elementor-widget elementor-widget-wd_text_block\" data-id=\"53cf5a4\" data-element_type=\"widget\" data-widget_type=\"wd_text_block.default\">\n\t\t\t\t<div class=\"elementor-widget-container\">\n\t\t\t\t\t<div class=\"wd-text-block reset-last-child text-left\">\n\t\t\t\n\t\t\t<p>Noticias<span style=\"font-size: 22px; background-color: var(--wd-main-bgcolor);\"><\/span><\/p>\n\t\t\t\t\t<\/div>\n\t\t\t\t<\/div>\n\t\t\t\t<\/div>\n\t\t\t\t<div class=\"elementor-element elementor-element-bebe17c elementor-grid-1 elementor-posts--thumbnail-left elementor-grid-tablet-2 elementor-grid-mobile-1 elementor-widget elementor-widget-posts\" data-id=\"bebe17c\" data-element_type=\"widget\" data-settings=\"{&quot;classic_columns&quot;:&quot;1&quot;,&quot;classic_row_gap&quot;:{&quot;unit&quot;:&quot;px&quot;,&quot;size&quot;:40,&quot;sizes&quot;:[]},&quot;classic_row_gap_mobile&quot;:{&quot;unit&quot;:&quot;px&quot;,&quot;size&quot;:38,&quot;sizes&quot;:[]},&quot;pagination_type&quot;:&quot;prev_next&quot;,&quot;classic_columns_tablet&quot;:&quot;2&quot;,&quot;classic_columns_mobile&quot;:&quot;1&quot;,&quot;classic_row_gap_tablet&quot;:{&quot;unit&quot;:&quot;px&quot;,&quot;size&quot;:&quot;&quot;,&quot;sizes&quot;:[]}}\" data-widget_type=\"posts.classic\">\n\t\t\t\t<div class=\"elementor-widget-container\">\n\t\t\t<link rel=\"stylesheet\" href=\"https:\/\/almabeauty-laser.com\/wp-content\/plugins\/elementor-pro\/assets\/css\/widget-posts.min.css\">\t\t<div class=\"elementor-posts-container elementor-posts elementor-posts--skin-classic elementor-grid\">\n\t\t\t\t<article class=\"elementor-post elementor-grid-item post-1143 post type-post status-publish format-standard has-post-thumbnail hentry category-uncategorized\">\n\t\t\t\t<a class=\"elementor-post__thumbnail__link\" href=\"https:\/\/almabeauty-laser.com\/es\/why-choose-fotona-4d-laser-dynamis\/\" >\n\t\t\t<div class=\"elementor-post__thumbnail\"><img decoding=\"async\" loading=\"lazy\" width=\"402\" height=\"345\" src=\"https:\/\/almabeauty-laser.com\/wp-content\/uploads\/2023\/06\/Fotona-4D-2-1.png\" class=\"attachment-full size-full wp-image-177\" alt=\"\" srcset=\"https:\/\/almabeauty-laser.com\/wp-content\/uploads\/2023\/06\/Fotona-4D-2-1.png 402w, https:\/\/almabeauty-laser.com\/wp-content\/uploads\/2023\/06\/Fotona-4D-2-1-150x129.png 150w, https:\/\/almabeauty-laser.com\/wp-content\/uploads\/2023\/06\/Fotona-4D-2-1-300x257.png 300w\" sizes=\"(max-width: 402px) 100vw, 402px\" \/><\/div>\n\t\t<\/a>\n\t\t\t\t<div class=\"elementor-post__text\">\n\t\t\t\t<h3 class=\"elementor-post__title\">\n\t\t\t<a href=\"https:\/\/almabeauty-laser.com\/es\/why-choose-fotona-4d-laser-dynamis\/\" >\n\t\t\t\t\u00bfPor qu\u00e9 elegir Fotona 4D Laser Dynamis?\t\t\t<\/a>\n\t\t<\/h3>\n\t\t\t\t<div class=\"elementor-post__meta-data\">\n\t\t\t\t\t<span class=\"elementor-post-date\">\n\t\t\tjulio 12, 2023\t\t<\/span>\n\t\t\t\t<\/div>\n\t\t\t\t<div class=\"elementor-post__excerpt\">\n\t\t\t<p>El rejuvenecimiento con l\u00e1ser Fotona 4D es una de las \u00faltimas tecnolog\u00edas globales que recientemente se ha vuelto muy popular. Este m\u00e9todo innovador<\/p>\n\t\t<\/div>\n\t\t\t\t<\/div>\n\t\t\t\t<\/article>\n\t\t\t\t<article class=\"elementor-post elementor-grid-item post-1137 post type-post status-publish format-standard has-post-thumbnail hentry category-uncategorized\">\n\t\t\t\t<a class=\"elementor-post__thumbnail__link\" href=\"https:\/\/almabeauty-laser.com\/es\/faq-of-the-fashion-emsvela\/\" >\n\t\t\t<div class=\"elementor-post__thumbnail\"><img decoding=\"async\" loading=\"lazy\" width=\"808\" height=\"550\" src=\"https:\/\/almabeauty-laser.com\/wp-content\/uploads\/2023\/07\/emsella-chair3-1.jpg\" class=\"attachment-full size-full wp-image-1138\" alt=\"\" srcset=\"https:\/\/almabeauty-laser.com\/wp-content\/uploads\/2023\/07\/emsella-chair3-1.jpg 808w, https:\/\/almabeauty-laser.com\/wp-content\/uploads\/2023\/07\/emsella-chair3-1-300x204.jpg 300w, https:\/\/almabeauty-laser.com\/wp-content\/uploads\/2023\/07\/emsella-chair3-1-768x523.jpg 768w, https:\/\/almabeauty-laser.com\/wp-content\/uploads\/2023\/07\/emsella-chair3-1-18x12.jpg 18w, https:\/\/almabeauty-laser.com\/wp-content\/uploads\/2023\/07\/emsella-chair3-1-600x408.jpg 600w, https:\/\/almabeauty-laser.com\/wp-content\/uploads\/2023\/07\/emsella-chair3-1-150x102.jpg 150w\" sizes=\"(max-width: 808px) 100vw, 808px\" \/><\/div>\n\t\t<\/a>\n\t\t\t\t<div class=\"elementor-post__text\">\n\t\t\t\t<h3 class=\"elementor-post__title\">\n\t\t\t<a href=\"https:\/\/almabeauty-laser.com\/es\/faq-of-the-fashion-emsvela\/\" >\n\t\t\t\tPreguntas frecuentes de la EMSvela Moda\t\t\t<\/a>\n\t\t<\/h3>\n\t\t\t\t<div class=\"elementor-post__meta-data\">\n\t\t\t\t\t<span class=\"elementor-post-date\">\n\t\t\tjulio 12, 2023\t\t<\/span>\n\t\t\t\t<\/div>\n\t\t\t\t<div class=\"elementor-post__excerpt\">\n\t\t\t<p>\u00bfSOY UN BUEN CANDIDATO PARA EMSVELA? BENEFICIOS DE EMSELLA: Tratamiento no invasivo sin tiempo de recuperaci\u00f3n Permanezca completamente vestido durante<\/p>\n\t\t<\/div>\n\t\t\t\t<\/div>\n\t\t\t\t<\/article>\n\t\t\t\t<article class=\"elementor-post elementor-grid-item post-1134 post type-post status-publish format-standard has-post-thumbnail hentry category-uncategorized\">\n\t\t\t\t<a class=\"elementor-post__thumbnail__link\" href=\"https:\/\/almabeauty-laser.com\/es\/why-is-hiemtsure-so-popular\/\" >\n\t\t\t<div class=\"elementor-post__thumbnail\"><img decoding=\"async\" loading=\"lazy\" width=\"995\" height=\"545\" src=\"https:\/\/almabeauty-laser.com\/wp-content\/uploads\/2023\/06\/EmsculptNEWgirl.jpg\" class=\"attachment-full size-full wp-image-196\" alt=\"\" srcset=\"https:\/\/almabeauty-laser.com\/wp-content\/uploads\/2023\/06\/EmsculptNEWgirl.jpg 995w, https:\/\/almabeauty-laser.com\/wp-content\/uploads\/2023\/06\/EmsculptNEWgirl-150x82.jpg 150w, https:\/\/almabeauty-laser.com\/wp-content\/uploads\/2023\/06\/EmsculptNEWgirl-600x329.jpg 600w, https:\/\/almabeauty-laser.com\/wp-content\/uploads\/2023\/06\/EmsculptNEWgirl-300x164.jpg 300w, https:\/\/almabeauty-laser.com\/wp-content\/uploads\/2023\/06\/EmsculptNEWgirl-768x421.jpg 768w\" sizes=\"(max-width: 995px) 100vw, 995px\" \/><\/div>\n\t\t<\/a>\n\t\t\t\t<div class=\"elementor-post__text\">\n\t\t\t\t<h3 class=\"elementor-post__title\">\n\t\t\t<a href=\"https:\/\/almabeauty-laser.com\/es\/why-is-hiemtsure-so-popular\/\" >\n\t\t\t\t\u00bfPor qu\u00e9 HIEMTSURE es tan popular?\t\t\t<\/a>\n\t\t<\/h3>\n\t\t\t\t<div class=\"elementor-post__meta-data\">\n\t\t\t\t\t<span class=\"elementor-post-date\">\n\t\t\tjulio 12, 2023\t\t<\/span>\n\t\t\t\t<\/div>\n\t\t\t\t<div class=\"elementor-post__excerpt\">\n\t\t\t<p>El Tratamiento EMSCULPT de HIEMTSURE se diferencia de otros tratamientos de contorno corporal no quir\u00fargicos porque reduce la grasa a trav\u00e9s del desarrollo muscular. esta dise\u00f1ado<\/p>\n\t\t<\/div>\n\t\t\t\t<\/div>\n\t\t\t\t<\/article>\n\t\t\t\t<article class=\"elementor-post elementor-grid-item post-1132 post type-post status-publish format-standard has-post-thumbnail hentry category-uncategorized\">\n\t\t\t\t<a class=\"elementor-post__thumbnail__link\" href=\"https:\/\/almabeauty-laser.com\/es\/velashape-is-an-magic\/\" >\n\t\t\t<div class=\"elementor-post__thumbnail\"><img decoding=\"async\" loading=\"lazy\" width=\"1000\" height=\"1018\" src=\"https:\/\/almabeauty-laser.com\/wp-content\/uploads\/2023\/06\/velashape-3.jpg\" class=\"attachment-full size-full wp-image-199\" alt=\"\" srcset=\"https:\/\/almabeauty-laser.com\/wp-content\/uploads\/2023\/06\/velashape-3.jpg 1000w, https:\/\/almabeauty-laser.com\/wp-content\/uploads\/2023\/06\/velashape-3-150x153.jpg 150w, https:\/\/almabeauty-laser.com\/wp-content\/uploads\/2023\/06\/velashape-3-600x611.jpg 600w, https:\/\/almabeauty-laser.com\/wp-content\/uploads\/2023\/06\/velashape-3-295x300.jpg 295w, https:\/\/almabeauty-laser.com\/wp-content\/uploads\/2023\/06\/velashape-3-768x782.jpg 768w\" sizes=\"(max-width: 1000px) 100vw, 1000px\" \/><\/div>\n\t\t<\/a>\n\t\t\t\t<div class=\"elementor-post__text\">\n\t\t\t\t<h3 class=\"elementor-post__title\">\n\t\t\t<a href=\"https:\/\/almabeauty-laser.com\/es\/velashape-is-an-magic\/\" >\n\t\t\t\tVelashape es una magia\t\t\t<\/a>\n\t\t<\/h3>\n\t\t\t\t<div class=\"elementor-post__meta-data\">\n\t\t\t\t\t<span class=\"elementor-post-date\">\n\t\t\tjulio 12, 2023\t\t<\/span>\n\t\t\t\t<\/div>\n\t\t\t\t<div class=\"elementor-post__excerpt\">\n\t\t\t<p>Velashape \u00bfQu\u00e9 es Velashape? VelaShape es un nuevo y revolucionario tratamiento cl\u00ednicamente probado para el tratamiento eficaz de la celulitis y el contorno corporal.<\/p>\n\t\t<\/div>\n\t\t\t\t<\/div>\n\t\t\t\t<\/article>\n\t\t\t\t<article class=\"elementor-post elementor-grid-item post-1130 post type-post status-publish format-standard has-post-thumbnail hentry category-uncategorized\">\n\t\t\t\t<a class=\"elementor-post__thumbnail__link\" href=\"https:\/\/almabeauty-laser.com\/es\/the-benefits-of-fat-freezing-machines\/\" >\n\t\t\t<div class=\"elementor-post__thumbnail\"><img decoding=\"async\" loading=\"lazy\" width=\"550\" height=\"306\" src=\"https:\/\/almabeauty-laser.com\/wp-content\/uploads\/2023\/06\/cryo-thigh-la-belle-forme-1.jpg\" class=\"attachment-full size-full wp-image-317\" alt=\"\" srcset=\"https:\/\/almabeauty-laser.com\/wp-content\/uploads\/2023\/06\/cryo-thigh-la-belle-forme-1.jpg 550w, https:\/\/almabeauty-laser.com\/wp-content\/uploads\/2023\/06\/cryo-thigh-la-belle-forme-1-150x83.jpg 150w, https:\/\/almabeauty-laser.com\/wp-content\/uploads\/2023\/06\/cryo-thigh-la-belle-forme-1-300x167.jpg 300w\" sizes=\"(max-width: 550px) 100vw, 550px\" \/><\/div>\n\t\t<\/a>\n\t\t\t\t<div class=\"elementor-post__text\">\n\t\t\t\t<h3 class=\"elementor-post__title\">\n\t\t\t<a href=\"https:\/\/almabeauty-laser.com\/es\/the-benefits-of-fat-freezing-machines\/\" >\n\t\t\t\tLos beneficios de las m\u00e1quinas congeladoras de grasa\t\t\t<\/a>\n\t\t<\/h3>\n\t\t\t\t<div class=\"elementor-post__meta-data\">\n\t\t\t\t\t<span class=\"elementor-post-date\">\n\t\t\tjulio 12, 2023\t\t<\/span>\n\t\t\t\t<\/div>\n\t\t\t\t<div class=\"elementor-post__excerpt\">\n\t\t\t<p>Los beneficios de las m\u00e1quinas congeladoras de grasa La congelaci\u00f3n de grasa es precisa y controlada: la temperatura en las diferentes \u00e1reas de tratamiento est\u00e1 controlada.<\/p>\n\t\t<\/div>\n\t\t\t\t<\/div>\n\t\t\t\t<\/article>\n\t\t\t\t<\/div>\n\t\t\n\t\t\t\t<\/div>\n\t\t\t\t<\/div>\n\t\t\t\t\t<\/div>\n\t\t<\/div>\n\t\t\t\t\t\t\t<\/div>\n\t\t<\/section>\n\t\t\t\t\t\t\t<\/div>","protected":false},"excerpt":{"rendered":"<p>News News<\/p>","protected":false},"author":1,"featured_media":0,"parent":0,"menu_order":0,"comment_status":"closed","ping_status":"closed","template":"","meta":{"footnotes":""},"yoast_head":"<!-- This site is optimized with the Yoast SEO Premium plugin v19.2 (Yoast SEO v20.1) - https:\/\/yoast.com\/wordpress\/plugins\/seo\/ -->\n<title>News - EM Laser Co., Ltd.<\/title>\n<meta name=\"robots\" content=\"index, follow, max-snippet:-1, max-image-preview:large, max-video-preview:-1\" \/>\n<link rel=\"canonical\" href=\"https:\/\/almabeauty-laser.com\/es\/news\/\" \/>\n<meta property=\"og:locale\" content=\"es_ES\" \/>\n<meta property=\"og:type\" content=\"article\" \/>\n<meta property=\"og:title\" content=\"News\" \/>\n<meta property=\"og:description\" content=\"News News\" \/>\n<meta property=\"og:url\" content=\"https:\/\/almabeauty-laser.com\/es\/news\/\" \/>\n<meta property=\"og:site_name\" content=\"EM Laser Co., Ltd.\" \/>\n<meta property=\"article:modified_time\" content=\"2023-07-08T09:29:18+00:00\" \/>\n<meta name=\"twitter:card\" content=\"summary_large_image\" \/>\n<meta name=\"twitter:label1\" content=\"Tiempo de lectura\" \/>\n\t<meta name=\"twitter:data1\" content=\"1 minuto\" \/>\n<script type=\"application\/ld+json\" class=\"yoast-schema-graph\">{\"@context\":\"https:\/\/schema.org\",\"@graph\":[{\"@type\":\"WebPage\",\"@id\":\"https:\/\/almabeauty-laser.com\/news\/\",\"url\":\"https:\/\/almabeauty-laser.com\/news\/\",\"name\":\"News - EM Laser Co., Ltd.\",\"isPartOf\":{\"@id\":\"https:\/\/almabeauty-laser.com\/#website\"},\"datePublished\":\"2023-06-27T06:17:44+00:00\",\"dateModified\":\"2023-07-08T09:29:18+00:00\",\"breadcrumb\":{\"@id\":\"https:\/\/almabeauty-laser.com\/news\/#breadcrumb\"},\"inLanguage\":\"es\",\"potentialAction\":[{\"@type\":\"ReadAction\",\"target\":[\"https:\/\/almabeauty-laser.com\/news\/\"]}]},{\"@type\":\"BreadcrumbList\",\"@id\":\"https:\/\/almabeauty-laser.com\/news\/#breadcrumb\",\"itemListElement\":[{\"@type\":\"ListItem\",\"position\":1,\"name\":\"Home\",\"item\":\"https:\/\/almabeauty-laser.com\/\"},{\"@type\":\"ListItem\",\"position\":2,\"name\":\"News\"}]},{\"@type\":\"WebSite\",\"@id\":\"https:\/\/almabeauty-laser.com\/#website\",\"url\":\"https:\/\/almabeauty-laser.com\/\",\"name\":\"EM Laser Co., Ltd.\",\"description\":\"EM Laser Co., Ltd.\",\"potentialAction\":[{\"@type\":\"SearchAction\",\"target\":{\"@type\":\"EntryPoint\",\"urlTemplate\":\"https:\/\/almabeauty-laser.com\/?s={search_term_string}\"},\"query-input\":\"required name=search_term_string\"}],\"inLanguage\":\"es\"}]}<\/script>\n<!-- \/ Yoast SEO Premium plugin. -->","yoast_head_json":{"title":"News - EM Laser Co., Ltd.","robots":{"index":"index","follow":"follow","max-snippet":"max-snippet:-1","max-image-preview":"max-image-preview:large","max-video-preview":"max-video-preview:-1"},"canonical":"https:\/\/almabeauty-laser.com\/es\/news\/","og_locale":"es_ES","og_type":"article","og_title":"News","og_description":"News News","og_url":"https:\/\/almabeauty-laser.com\/es\/news\/","og_site_name":"EM Laser Co., Ltd.","article_modified_time":"2023-07-08T09:29:18+00:00","twitter_card":"summary_large_image","twitter_misc":{"Tiempo de lectura":"1 minuto"},"schema":{"@context":"https:\/\/schema.org","@graph":[{"@type":"WebPage","@id":"https:\/\/almabeauty-laser.com\/news\/","url":"https:\/\/almabeauty-laser.com\/news\/","name":"News - EM Laser Co., Ltd.","isPartOf":{"@id":"https:\/\/almabeauty-laser.com\/#website"},"datePublished":"2023-06-27T06:17:44+00:00","dateModified":"2023-07-08T09:29:18+00:00","breadcrumb":{"@id":"https:\/\/almabeauty-laser.com\/news\/#breadcrumb"},"inLanguage":"es","potentialAction":[{"@type":"ReadAction","target":["https:\/\/almabeauty-laser.com\/news\/"]}]},{"@type":"BreadcrumbList","@id":"https:\/\/almabeauty-laser.com\/news\/#breadcrumb","itemListElement":[{"@type":"ListItem","position":1,"name":"Home","item":"https:\/\/almabeauty-laser.com\/"},{"@type":"ListItem","position":2,"name":"News"}]},{"@type":"WebSite","@id":"https:\/\/almabeauty-laser.com\/#website","url":"https:\/\/almabeauty-laser.com\/","name":"EM Laser Co., Ltd.","description":"EM Laser Co., Ltd.","potentialAction":[{"@type":"SearchAction","target":{"@type":"EntryPoint","urlTemplate":"https:\/\/almabeauty-laser.com\/?s={search_term_string}"},"query-input":"required name=search_term_string"}],"inLanguage":"es"}]}},"_links":{"self":[{"href":"https:\/\/almabeauty-laser.com\/es\/wp-json\/wp\/v2\/pages\/16"}],"collection":[{"href":"https:\/\/almabeauty-laser.com\/es\/wp-json\/wp\/v2\/pages"}],"about":[{"href":"https:\/\/almabeauty-laser.com\/es\/wp-json\/wp\/v2\/types\/page"}],"author":[{"embeddable":true,"href":"https:\/\/almabeauty-laser.com\/es\/wp-json\/wp\/v2\/users\/1"}],"replies":[{"embeddable":true,"href":"https:\/\/almabeauty-laser.com\/es\/wp-json\/wp\/v2\/comments?post=16"}],"version-history":[{"count":66,"href":"https:\/\/almabeauty-laser.com\/es\/wp-json\/wp\/v2\/pages\/16\/revisions"}],"predecessor-version":[{"id":919,"href":"https:\/\/almabeauty-laser.com\/es\/wp-json\/wp\/v2\/pages\/16\/revisions\/919"}],"wp:attachment":[{"href":"https:\/\/almabeauty-laser.com\/es\/wp-json\/wp\/v2\/media?parent=16"}],"curies":[{"name":"wp","href":"https:\/\/api.w.org\/{rel}","templated":true}]}}