{"id":22,"date":"2023-06-27T06:18:48","date_gmt":"2023-06-27T06:18:48","guid":{"rendered":"https:\/\/almabeauty-laser.com\/?page_id=22"},"modified":"2023-07-17T08:59:55","modified_gmt":"2023-07-17T08:59:55","slug":"about","status":"publish","type":"page","link":"https:\/\/almabeauty-laser.com\/es\/about\/","title":{"rendered":"Acerca de"},"content":{"rendered":"<div data-elementor-type=\"wp-page\" data-elementor-id=\"22\" class=\"elementor elementor-22\">\n\t\t\t\t\t\t\t\t\t<section class=\"wd-negative-gap elementor-section elementor-top-section elementor-element elementor-element-dbc38f5 wd-section-stretch elementor-section-boxed elementor-section-height-default elementor-section-height-default\" data-id=\"dbc38f5\" data-element_type=\"section\" data-settings=\"{&quot;background_background&quot;:&quot;classic&quot;}\">\n\t\t\t\t\t\t<div class=\"elementor-container elementor-column-gap-default\">\n\t\t\t\t\t<div class=\"elementor-column elementor-col-100 elementor-top-column elementor-element elementor-element-d033307\" data-id=\"d033307\" data-element_type=\"column\">\n\t\t\t<div class=\"elementor-widget-wrap elementor-element-populated\">\n\t\t\t\t\t\t\t\t<div class=\"elementor-element elementor-element-f13ae9a elementor-widget elementor-widget-wd_text_block\" data-id=\"f13ae9a\" data-element_type=\"widget\" data-widget_type=\"wd_text_block.default\">\n\t\t\t\t<div class=\"elementor-widget-container\">\n\t\t\t\t\t<div class=\"wd-text-block reset-last-child text-center\">\n\t\t\t\n\t\t\t<p>ACERCA DE<\/p>\n\t\t\t\t\t<\/div>\n\t\t\t\t<\/div>\n\t\t\t\t<\/div>\n\t\t\t\t\t<\/div>\n\t\t<\/div>\n\t\t\t\t\t\t\t<\/div>\n\t\t<\/section>\n\t\t\t\t<section class=\"elementor-section elementor-top-section elementor-element elementor-element-6b32efd wd-section-stretch elementor-section-boxed elementor-section-height-default elementor-section-height-default\" data-id=\"6b32efd\" data-element_type=\"section\">\n\t\t\t\t\t\t<div class=\"elementor-container elementor-column-gap-default\">\n\t\t\t\t\t<div class=\"elementor-column elementor-col-50 elementor-top-column elementor-element elementor-element-54d2052\" data-id=\"54d2052\" data-element_type=\"column\">\n\t\t\t<div class=\"elementor-widget-wrap elementor-element-populated\">\n\t\t\t\t\t\t\t\t<div class=\"elementor-element elementor-element-03d8609 elementor-widget elementor-widget-wd_text_block\" data-id=\"03d8609\" data-element_type=\"widget\" data-widget_type=\"wd_text_block.default\">\n\t\t\t\t<div class=\"elementor-widget-container\">\n\t\t\t\t\t<div class=\"wd-text-block reset-last-child text-left\">\n\t\t\t\n\t\t\t<p>Especializado en el desarrollo, investigaci\u00f3n y comercializaci\u00f3n de nuestros propios productos. Hemos establecido un sistema muy eficiente y confiable para el suministro de equipos de sal\u00f3n de belleza, suministro de dispositivos m\u00e9dicos, pigmentos y soluci\u00f3n vascular, reducci\u00f3n de la celulitis y soluci\u00f3n para moldear el cuerpo, tambi\u00e9n los servicios OEM y ODM. Brindamos servicio posventa las 24 horas, los 7 d\u00edas de la semana para garantizar a nuestros clientes una sensaci\u00f3n de operaci\u00f3n c\u00f3moda. EM LASER es el gran innovador de soporte t\u00e9cnico, servicio postventa, capacitaci\u00f3n cl\u00ednica, mercadeo, as\u00ed como consultor\u00eda para los mercados quir\u00fargicos y est\u00e9ticos superiores.<\/p><p><br \/>Con base en 46 a\u00f1os de conocimientos t\u00e9cnicos e investigaci\u00f3n de mercados (20 a\u00f1os de operaci\u00f3n empresarial m\u00e9dica, 8 a\u00f1os de tecnolog\u00eda, 7 a\u00f1os de marketing, 6 a\u00f1os de dise\u00f1o, 5 a\u00f1os de servicio), atrajimos un nivel de profesionales de Ingenier\u00eda de Materiales, Mec\u00e1nica, Electr\u00f3nica, Acabado de Precisi\u00f3n, Medicina Cl\u00ednica y Marketing, y cre\u00f3 la filial de propiedad absoluta EM Laser Co., Ltd. en 2010.<\/p>\n\t\t\t\t\t<\/div>\n\t\t\t\t<\/div>\n\t\t\t\t<\/div>\n\t\t\t\t\t<\/div>\n\t\t<\/div>\n\t\t\t\t<div class=\"elementor-column elementor-col-50 elementor-top-column elementor-element elementor-element-f561867\" data-id=\"f561867\" data-element_type=\"column\">\n\t\t\t<div class=\"elementor-widget-wrap elementor-element-populated\">\n\t\t\t\t\t\t\t\t<div class=\"elementor-element elementor-element-69bd869 elementor-widget elementor-widget-video\" data-id=\"69bd869\" data-element_type=\"widget\" data-settings=\"{&quot;video_type&quot;:&quot;hosted&quot;,&quot;controls&quot;:&quot;yes&quot;}\" data-widget_type=\"video.default\">\n\t\t\t\t<div class=\"elementor-widget-container\">\n\t\t\t<style>\/*! elementor - v3.13.1 - 09-05-2023 *\/\n.elementor-widget-video .elementor-widget-container{overflow:hidden;transform:translateZ(0)}.elementor-widget-video .elementor-wrapper{aspect-ratio:var(--video-aspect-ratio)}.elementor-widget-video .elementor-wrapper iframe,.elementor-widget-video .elementor-wrapper video{height:100%;width:100%;display:flex;border:none;background-color:#000}@supports not (aspect-ratio:1\/1){.elementor-widget-video .elementor-wrapper{position:relative;overflow:hidden;height:0;padding-bottom:calc(100% \/ var(--video-aspect-ratio))}.elementor-widget-video .elementor-wrapper iframe,.elementor-widget-video .elementor-wrapper video{position:absolute;top:0;right:0;bottom:0;left:0}}.elementor-widget-video .elementor-open-inline .elementor-custom-embed-image-overlay{position:absolute;top:0;left:0;width:100%;height:100%;background-size:cover;background-position:50%}.elementor-widget-video .elementor-custom-embed-image-overlay{cursor:pointer;text-align:center}.elementor-widget-video .elementor-custom-embed-image-overlay:hover .elementor-custom-embed-play i{opacity:1}.elementor-widget-video .elementor-custom-embed-image-overlay img{display:block;width:100%}.elementor-widget-video .e-hosted-video .elementor-video{-o-object-fit:cover;object-fit:cover}.e-con-inner>.elementor-widget-video,.e-con>.elementor-widget-video{width:var(--container-widget-width);--flex-grow:var(--container-widget-flex-grow)}<\/style>\t\t<div class=\"e-hosted-video elementor-wrapper elementor-open-inline\">\n\t\t\t\t\t<video class=\"elementor-video\" src=\"https:\/\/almabeauty-laser.com\/wp-content\/uploads\/2023\/07\/WeChat_20230705113600.mp4\" controls=\"\" preload=\"metadata\" controlslist=\"nodownload\"><\/video>\n\t\t\t\t<\/div>\n\t\t\t\t<\/div>\n\t\t\t\t<\/div>\n\t\t\t\t\t<\/div>\n\t\t<\/div>\n\t\t\t\t\t\t\t<\/div>\n\t\t<\/section>\n\t\t\t\t<section class=\"elementor-section elementor-top-section elementor-element elementor-element-e28523c wd-section-stretch elementor-section-boxed elementor-section-height-default elementor-section-height-default\" data-id=\"e28523c\" data-element_type=\"section\">\n\t\t\t\t\t\t<div class=\"elementor-container elementor-column-gap-default\">\n\t\t\t\t\t<div class=\"elementor-column elementor-col-100 elementor-top-column elementor-element elementor-element-6fd23a5\" data-id=\"6fd23a5\" data-element_type=\"column\">\n\t\t\t<div class=\"elementor-widget-wrap elementor-element-populated\">\n\t\t\t\t\t\t\t\t<div class=\"elementor-element elementor-element-0381939 elementor-widget elementor-widget-wd_text_block\" data-id=\"0381939\" data-element_type=\"widget\" data-widget_type=\"wd_text_block.default\">\n\t\t\t\t<div class=\"elementor-widget-container\">\n\t\t\t\t\t<div class=\"wd-text-block reset-last-child text-center\">\n\t\t\t\n\t\t\t<p>Patente de I+D<\/p>\n\t\t\t\t\t<\/div>\n\t\t\t\t<\/div>\n\t\t\t\t<\/div>\n\t\t\t\t\t<\/div>\n\t\t<\/div>\n\t\t\t\t\t\t\t<\/div>\n\t\t<\/section>\n\t\t\t\t<section class=\"wd-negative-gap elementor-section elementor-top-section elementor-element elementor-element-d0ea7ec elementor-section-boxed elementor-section-height-default elementor-section-height-default wd-section-disabled\" data-id=\"d0ea7ec\" data-element_type=\"section\">\n\t\t\t\t\t\t<div class=\"elementor-container elementor-column-gap-default\">\n\t\t\t\t\t<div class=\"elementor-column elementor-col-100 elementor-top-column elementor-element elementor-element-b7623b3\" data-id=\"b7623b3\" data-element_type=\"column\">\n\t\t\t<div class=\"elementor-widget-wrap elementor-element-populated\">\n\t\t\t\t\t\t\t\t<div class=\"elementor-element elementor-element-a370b21 elementor-arrows-position-outside elementor-pagination-position-outside elementor-widget elementor-widget-image-carousel\" data-id=\"a370b21\" data-element_type=\"widget\" data-settings=\"{&quot;slides_to_show&quot;:&quot;5&quot;,&quot;slides_to_scroll&quot;:&quot;1&quot;,&quot;pause_on_hover&quot;:&quot;no&quot;,&quot;pause_on_interaction&quot;:&quot;no&quot;,&quot;image_spacing_custom&quot;:{&quot;unit&quot;:&quot;px&quot;,&quot;size&quot;:10,&quot;sizes&quot;:[]},&quot;navigation&quot;:&quot;both&quot;,&quot;autoplay&quot;:&quot;yes&quot;,&quot;autoplay_speed&quot;:5000,&quot;infinite&quot;:&quot;yes&quot;,&quot;speed&quot;:500,&quot;image_spacing_custom_tablet&quot;:{&quot;unit&quot;:&quot;px&quot;,&quot;size&quot;:&quot;&quot;,&quot;sizes&quot;:[]},&quot;image_spacing_custom_mobile&quot;:{&quot;unit&quot;:&quot;px&quot;,&quot;size&quot;:&quot;&quot;,&quot;sizes&quot;:[]}}\" data-widget_type=\"image-carousel.default\">\n\t\t\t\t<div class=\"elementor-widget-container\">\n\t\t\t<style>\/*! elementor - v3.13.1 - 09-05-2023 *\/\n.elementor-widget-image-carousel .swiper,.elementor-widget-image-carousel .swiper-container{position:static}.elementor-widget-image-carousel .swiper-container .swiper-slide figure,.elementor-widget-image-carousel .swiper .swiper-slide figure{line-height:inherit}.elementor-widget-image-carousel .swiper-slide{text-align:center}.elementor-image-carousel-wrapper:not(.swiper-container-initialized):not(.swiper-initialized) .swiper-slide{max-width:calc(100% \/ var(--e-image-carousel-slides-to-show, 3))}<\/style>\t\t<div class=\"elementor-image-carousel-wrapper swiper\" dir=\"ltr\">\n\t\t\t<div class=\"elementor-image-carousel swiper-wrapper\">\n\t\t\t\t\t\t\t\t<div class=\"swiper-slide\"><figure class=\"swiper-slide-inner\"><img decoding=\"async\" class=\"swiper-slide-image\" src=\"https:\/\/almabeauty-laser.com\/wp-content\/uploads\/2023\/07\/1_EM-Laser-Diode-laser-CE\u8bc1\u4e66-1.png\" alt=\"1_EM Laser-Diode laser CE\u8bc1\u4e66-1\" \/><figcaption class=\"elementor-image-carousel-caption\">1_EM L\u00e1ser l\u00e1ser de diodo CE\u8bc1\u4e66-1<\/figcaption><\/figure><\/div><div class=\"swiper-slide\"><figure class=\"swiper-slide-inner\"><img decoding=\"async\" class=\"swiper-slide-image\" src=\"https:\/\/almabeauty-laser.com\/wp-content\/uploads\/2023\/07\/1_EM-Laser-Diode-laser-CE\u8bc1\u4e66-2.png\" alt=\"1_EM Laser-Diode laser CE\u8bc1\u4e66-2\" \/><figcaption class=\"elementor-image-carousel-caption\">1_EM L\u00e1ser l\u00e1ser de diodo CE\u8bc1\u4e66-2<\/figcaption><\/figure><\/div><div class=\"swiper-slide\"><figure class=\"swiper-slide-inner\"><img decoding=\"async\" class=\"swiper-slide-image\" src=\"https:\/\/almabeauty-laser.com\/wp-content\/uploads\/2023\/07\/EM-Laser-IPL-SHR-Machine-CE\u8bc1\u4e66-1.png\" alt=\"EM Laser-IPL SHR Machine-CE\u8bc1\u4e66-1\" \/><figcaption class=\"elementor-image-carousel-caption\">M\u00e1quina l\u00e1ser EM-IPL SHR-CE\u8bc1\u4e66-1<\/figcaption><\/figure><\/div><div class=\"swiper-slide\"><figure class=\"swiper-slide-inner\"><img decoding=\"async\" class=\"swiper-slide-image\" src=\"https:\/\/almabeauty-laser.com\/wp-content\/uploads\/2023\/07\/EM-Laser-IPL-SHR-Machine-CE\u8bc1\u4e66-2.png\" alt=\"EM Laser-IPL SHR Machine-CE\u8bc1\u4e66-2\" \/><figcaption class=\"elementor-image-carousel-caption\">M\u00e1quina l\u00e1ser EM-IPL SHR-CE\u8bc1\u4e66-2<\/figcaption><\/figure><\/div><div class=\"swiper-slide\"><figure class=\"swiper-slide-inner\"><img decoding=\"async\" class=\"swiper-slide-image\" src=\"https:\/\/almabeauty-laser.com\/wp-content\/uploads\/2023\/07\/EM-Laser-Picosecond-laser-Machine-CE\u8bc1\u4e66-1.png\" alt=\"EM Laser-Picosecond laser Machine-CE\u8bc1\u4e66-1\" \/><figcaption class=\"elementor-image-carousel-caption\">M\u00e1quina l\u00e1ser EM de picosegundos-CE\u8bc1\u4e66-1<\/figcaption><\/figure><\/div><div class=\"swiper-slide\"><figure class=\"swiper-slide-inner\"><img decoding=\"async\" class=\"swiper-slide-image\" src=\"https:\/\/almabeauty-laser.com\/wp-content\/uploads\/2023\/07\/EM-Laser-Picosecond-laser-Machine-CE\u8bc1\u4e66-2.png\" alt=\"EM Laser-Picosecond laser Machine-CE\u8bc1\u4e66-2\" \/><figcaption class=\"elementor-image-carousel-caption\">M\u00e1quina l\u00e1ser EM de picosegundos-CE\u8bc1\u4e66-2<\/figcaption><\/figure><\/div>\t\t\t<\/div>\n\t\t\t\t\t\t\t\t\t\t\t\t<div class=\"swiper-pagination\"><\/div>\n\t\t\t\t\t\t\t\t\t\t\t\t\t<div class=\"elementor-swiper-button elementor-swiper-button-prev\" role=\"button\" tabindex=\"0\">\n\t\t\t\t\t\t<i aria-hidden=\"true\" class=\"eicon-chevron-left\"><\/i>\t\t\t\t\t\t<span class=\"elementor-screen-only\">Imagen anterior<\/span>\n\t\t\t\t\t<\/div>\n\t\t\t\t\t<div class=\"elementor-swiper-button elementor-swiper-button-next\" role=\"button\" tabindex=\"0\">\n\t\t\t\t\t\t<i aria-hidden=\"true\" class=\"eicon-chevron-right\"><\/i>\t\t\t\t\t\t<span class=\"elementor-screen-only\">Imagen siguiente<\/span>\n\t\t\t\t\t<\/div>\n\t\t\t\t\t\t\t\t\t<\/div>\n\t\t\t\t<\/div>\n\t\t\t\t<\/div>\n\t\t\t\t\t<\/div>\n\t\t<\/div>\n\t\t\t\t\t\t\t<\/div>\n\t\t<\/section>\n\t\t\t\t\t\t\t<\/div>","protected":false},"excerpt":{"rendered":"<p>ABOUT Majored in developing, researching and marketing our own-made products. We have set up a very efficient and reliable system<\/p>","protected":false},"author":1,"featured_media":0,"parent":0,"menu_order":0,"comment_status":"closed","ping_status":"closed","template":"","meta":{"footnotes":""},"yoast_head":"<!-- This site is optimized with the Yoast SEO Premium plugin v19.2 (Yoast SEO v20.1) - https:\/\/yoast.com\/wordpress\/plugins\/seo\/ -->\n<title>About - EM Laser Co., Ltd.<\/title>\n<meta name=\"robots\" content=\"index, follow, max-snippet:-1, max-image-preview:large, max-video-preview:-1\" \/>\n<link rel=\"canonical\" href=\"https:\/\/almabeauty-laser.com\/es\/about\/\" \/>\n<meta property=\"og:locale\" content=\"es_ES\" \/>\n<meta property=\"og:type\" content=\"article\" \/>\n<meta property=\"og:title\" content=\"About\" \/>\n<meta property=\"og:description\" content=\"ABOUT Majored in developing, researching and marketing our own-made products. We have set up a very efficient and reliable system\" \/>\n<meta property=\"og:url\" content=\"https:\/\/almabeauty-laser.com\/es\/about\/\" \/>\n<meta property=\"og:site_name\" content=\"EM Laser Co., Ltd.\" \/>\n<meta property=\"article:modified_time\" content=\"2023-07-17T08:59:55+00:00\" \/>\n<meta name=\"twitter:card\" content=\"summary_large_image\" \/>\n<script type=\"application\/ld+json\" class=\"yoast-schema-graph\">{\"@context\":\"https:\/\/schema.org\",\"@graph\":[{\"@type\":\"WebPage\",\"@id\":\"https:\/\/almabeauty-laser.com\/tr\/about\/\",\"url\":\"https:\/\/almabeauty-laser.com\/tr\/about\/\",\"name\":\"About - EM Laser Co., Ltd.\",\"isPartOf\":{\"@id\":\"https:\/\/almabeauty-laser.com\/#website\"},\"datePublished\":\"2023-06-27T06:18:48+00:00\",\"dateModified\":\"2023-07-17T08:59:55+00:00\",\"breadcrumb\":{\"@id\":\"https:\/\/almabeauty-laser.com\/tr\/about\/#breadcrumb\"},\"inLanguage\":\"es\",\"potentialAction\":[{\"@type\":\"ReadAction\",\"target\":[\"https:\/\/almabeauty-laser.com\/tr\/about\/\"]}]},{\"@type\":\"BreadcrumbList\",\"@id\":\"https:\/\/almabeauty-laser.com\/tr\/about\/#breadcrumb\",\"itemListElement\":[{\"@type\":\"ListItem\",\"position\":1,\"name\":\"Home\",\"item\":\"https:\/\/almabeauty-laser.com\/\"},{\"@type\":\"ListItem\",\"position\":2,\"name\":\"About\"}]},{\"@type\":\"WebSite\",\"@id\":\"https:\/\/almabeauty-laser.com\/#website\",\"url\":\"https:\/\/almabeauty-laser.com\/\",\"name\":\"EM Laser Co., Ltd.\",\"description\":\"EM Laser Co., Ltd.\",\"potentialAction\":[{\"@type\":\"SearchAction\",\"target\":{\"@type\":\"EntryPoint\",\"urlTemplate\":\"https:\/\/almabeauty-laser.com\/?s={search_term_string}\"},\"query-input\":\"required name=search_term_string\"}],\"inLanguage\":\"es\"}]}<\/script>\n<!-- \/ Yoast SEO Premium plugin. -->","yoast_head_json":{"title":"About - EM Laser Co., Ltd.","robots":{"index":"index","follow":"follow","max-snippet":"max-snippet:-1","max-image-preview":"max-image-preview:large","max-video-preview":"max-video-preview:-1"},"canonical":"https:\/\/almabeauty-laser.com\/es\/about\/","og_locale":"es_ES","og_type":"article","og_title":"About","og_description":"ABOUT Majored in developing, researching and marketing our own-made products. We have set up a very efficient and reliable system","og_url":"https:\/\/almabeauty-laser.com\/es\/about\/","og_site_name":"EM Laser Co., Ltd.","article_modified_time":"2023-07-17T08:59:55+00:00","twitter_card":"summary_large_image","schema":{"@context":"https:\/\/schema.org","@graph":[{"@type":"WebPage","@id":"https:\/\/almabeauty-laser.com\/tr\/about\/","url":"https:\/\/almabeauty-laser.com\/tr\/about\/","name":"About - EM Laser Co., Ltd.","isPartOf":{"@id":"https:\/\/almabeauty-laser.com\/#website"},"datePublished":"2023-06-27T06:18:48+00:00","dateModified":"2023-07-17T08:59:55+00:00","breadcrumb":{"@id":"https:\/\/almabeauty-laser.com\/tr\/about\/#breadcrumb"},"inLanguage":"es","potentialAction":[{"@type":"ReadAction","target":["https:\/\/almabeauty-laser.com\/tr\/about\/"]}]},{"@type":"BreadcrumbList","@id":"https:\/\/almabeauty-laser.com\/tr\/about\/#breadcrumb","itemListElement":[{"@type":"ListItem","position":1,"name":"Home","item":"https:\/\/almabeauty-laser.com\/"},{"@type":"ListItem","position":2,"name":"About"}]},{"@type":"WebSite","@id":"https:\/\/almabeauty-laser.com\/#website","url":"https:\/\/almabeauty-laser.com\/","name":"EM Laser Co., Ltd.","description":"EM Laser Co., Ltd.","potentialAction":[{"@type":"SearchAction","target":{"@type":"EntryPoint","urlTemplate":"https:\/\/almabeauty-laser.com\/?s={search_term_string}"},"query-input":"required name=search_term_string"}],"inLanguage":"es"}]}},"_links":{"self":[{"href":"https:\/\/almabeauty-laser.com\/es\/wp-json\/wp\/v2\/pages\/22"}],"collection":[{"href":"https:\/\/almabeauty-laser.com\/es\/wp-json\/wp\/v2\/pages"}],"about":[{"href":"https:\/\/almabeauty-laser.com\/es\/wp-json\/wp\/v2\/types\/page"}],"author":[{"embeddable":true,"href":"https:\/\/almabeauty-laser.com\/es\/wp-json\/wp\/v2\/users\/1"}],"replies":[{"embeddable":true,"href":"https:\/\/almabeauty-laser.com\/es\/wp-json\/wp\/v2\/comments?post=22"}],"version-history":[{"count":19,"href":"https:\/\/almabeauty-laser.com\/es\/wp-json\/wp\/v2\/pages\/22\/revisions"}],"predecessor-version":[{"id":1285,"href":"https:\/\/almabeauty-laser.com\/es\/wp-json\/wp\/v2\/pages\/22\/revisions\/1285"}],"wp:attachment":[{"href":"https:\/\/almabeauty-laser.com\/es\/wp-json\/wp\/v2\/media?parent=22"}],"curies":[{"name":"wp","href":"https:\/\/api.w.org\/{rel}","templated":true}]}}