{"id":444,"date":"2023-07-03T06:42:29","date_gmt":"2023-07-03T06:42:29","guid":{"rendered":"https:\/\/almabeauty-laser.com\/?page_id=444"},"modified":"2023-07-08T07:12:11","modified_gmt":"2023-07-08T07:12:11","slug":"faq","status":"publish","type":"page","link":"https:\/\/almabeauty-laser.com\/es\/faq\/","title":{"rendered":"Preguntas m\u00e1s frecuentes"},"content":{"rendered":"<div data-elementor-type=\"wp-page\" data-elementor-id=\"444\" class=\"elementor elementor-444\">\n\t\t\t\t\t\t\t\t\t<section class=\"wd-negative-gap elementor-section elementor-top-section elementor-element elementor-element-7240a059 wd-section-stretch elementor-section-boxed elementor-section-height-default elementor-section-height-default\" data-id=\"7240a059\" data-element_type=\"section\" data-settings=\"{&quot;background_background&quot;:&quot;classic&quot;}\">\n\t\t\t\t\t\t<div class=\"elementor-container elementor-column-gap-default\">\n\t\t\t\t\t<div class=\"elementor-column elementor-col-100 elementor-top-column elementor-element elementor-element-3618f365\" data-id=\"3618f365\" data-element_type=\"column\">\n\t\t\t<div class=\"elementor-widget-wrap elementor-element-populated\">\n\t\t\t\t\t\t\t\t<div class=\"elementor-element elementor-element-3e2e5cb7 elementor-widget elementor-widget-wd_text_block\" data-id=\"3e2e5cb7\" data-element_type=\"widget\" data-widget_type=\"wd_text_block.default\">\n\t\t\t\t<div class=\"elementor-widget-container\">\n\t\t\t\t\t<div class=\"wd-text-block reset-last-child text-center\">\n\t\t\t\n\t\t\t<p>Preguntas m\u00e1s frecuentes<\/p>\n\t\t\t\t\t<\/div>\n\t\t\t\t<\/div>\n\t\t\t\t<\/div>\n\t\t\t\t\t<\/div>\n\t\t<\/div>\n\t\t\t\t\t\t\t<\/div>\n\t\t<\/section>\n\t\t\t\t<section class=\"elementor-section elementor-top-section elementor-element elementor-element-58c5341c wd-section-stretch elementor-section-boxed elementor-section-height-default elementor-section-height-default\" data-id=\"58c5341c\" data-element_type=\"section\">\n\t\t\t\t\t\t<div class=\"elementor-container elementor-column-gap-default\">\n\t\t\t\t\t<div class=\"elementor-column elementor-col-100 elementor-top-column elementor-element elementor-element-5ee31fcb\" data-id=\"5ee31fcb\" data-element_type=\"column\">\n\t\t\t<div class=\"elementor-widget-wrap elementor-element-populated\">\n\t\t\t\t\t\t\t\t<div class=\"elementor-element elementor-element-31131940 elementor-widget elementor-widget-toggle\" data-id=\"31131940\" data-element_type=\"widget\" data-widget_type=\"toggle.default\">\n\t\t\t\t<div class=\"elementor-widget-container\">\n\t\t\t<style>\/*! elementor - v3.13.1 - 09-05-2023 *\/\n.elementor-toggle{text-align:left}.elementor-toggle .elementor-tab-title{font-weight:700;line-height:1;margin:0;padding:15px;border-bottom:1px solid #d5d8dc;cursor:pointer;outline:none}.elementor-toggle .elementor-tab-title .elementor-toggle-icon{display:inline-block;width:1em}.elementor-toggle .elementor-tab-title .elementor-toggle-icon svg{-webkit-margin-start:-5px;margin-inline-start:-5px;width:1em;height:1em}.elementor-toggle .elementor-tab-title .elementor-toggle-icon.elementor-toggle-icon-right{float:right;text-align:right}.elementor-toggle .elementor-tab-title .elementor-toggle-icon.elementor-toggle-icon-left{float:left;text-align:left}.elementor-toggle .elementor-tab-title .elementor-toggle-icon .elementor-toggle-icon-closed{display:block}.elementor-toggle .elementor-tab-title .elementor-toggle-icon .elementor-toggle-icon-opened{display:none}.elementor-toggle .elementor-tab-title.elementor-active{border-bottom:none}.elementor-toggle .elementor-tab-title.elementor-active .elementor-toggle-icon-closed{display:none}.elementor-toggle .elementor-tab-title.elementor-active .elementor-toggle-icon-opened{display:block}.elementor-toggle .elementor-tab-content{padding:15px;border-bottom:1px solid #d5d8dc;display:none}@media (max-width:767px){.elementor-toggle .elementor-tab-title{padding:12px}.elementor-toggle .elementor-tab-content{padding:12px 10px}}.e-con-inner>.elementor-widget-toggle,.e-con>.elementor-widget-toggle{width:var(--container-widget-width);--flex-grow:var(--container-widget-flex-grow)}<\/style>\t\t<div class=\"elementor-toggle\" role=\"tablist\">\n\t\t\t\t\t\t\t<div class=\"elementor-toggle-item\">\n\t\t\t\t\t<div id=\"elementor-tab-title-8231\" class=\"elementor-tab-title\" data-tab=\"1\" role=\"tab\" aria-controls=\"elementor-tab-content-8231\" aria-expanded=\"false\">\n\t\t\t\t\t\t\t\t\t\t\t\t<span class=\"elementor-toggle-icon elementor-toggle-icon-left\" aria-hidden=\"true\">\n\t\t\t\t\t\t\t\t\t\t\t\t\t\t\t<span class=\"elementor-toggle-icon-closed\"><i class=\"fas fa-chevron-down\"><\/i><\/span>\n\t\t\t\t\t\t\t\t<span class=\"elementor-toggle-icon-opened\"><i class=\"elementor-toggle-icon-opened fas fa-chevron-up\"><\/i><\/span>\n\t\t\t\t\t\t\t\t\t\t\t\t\t<\/span>\n\t\t\t\t\t\t\t\t\t\t\t\t<a href=\"\" class=\"elementor-toggle-title\">Q1: \u00bfCu\u00e1les son sus precios?<\/a>\n\t\t\t\t\t<\/div>\n\n\t\t\t\t\t<div id=\"elementor-tab-content-8231\" class=\"elementor-tab-content elementor-clearfix\" data-tab=\"1\" role=\"tabpanel\" aria-labelledby=\"elementor-tab-title-8231\"><p>Nuestros precios est\u00e1n sujetos a cambios dependiendo de la oferta y otros factores del mercado. Le enviaremos una lista de precios actualizada despu\u00e9s de que su empresa se comunique con nosotros para obtener m\u00e1s informaci\u00f3n.<\/p><\/div>\n\t\t\t\t<\/div>\n\t\t\t\t\t\t\t<div class=\"elementor-toggle-item\">\n\t\t\t\t\t<div id=\"elementor-tab-title-8232\" class=\"elementor-tab-title\" data-tab=\"2\" role=\"tab\" aria-controls=\"elementor-tab-content-8232\" aria-expanded=\"false\">\n\t\t\t\t\t\t\t\t\t\t\t\t<span class=\"elementor-toggle-icon elementor-toggle-icon-left\" aria-hidden=\"true\">\n\t\t\t\t\t\t\t\t\t\t\t\t\t\t\t<span class=\"elementor-toggle-icon-closed\"><i class=\"fas fa-chevron-down\"><\/i><\/span>\n\t\t\t\t\t\t\t\t<span class=\"elementor-toggle-icon-opened\"><i class=\"elementor-toggle-icon-opened fas fa-chevron-up\"><\/i><\/span>\n\t\t\t\t\t\t\t\t\t\t\t\t\t<\/span>\n\t\t\t\t\t\t\t\t\t\t\t\t<a href=\"\" class=\"elementor-toggle-title\">P2: \u00bfTiene una cantidad m\u00ednima de pedido?<\/a>\n\t\t\t\t\t<\/div>\n\n\t\t\t\t\t<div id=\"elementor-tab-content-8232\" class=\"elementor-tab-content elementor-clearfix\" data-tab=\"2\" role=\"tabpanel\" aria-labelledby=\"elementor-tab-title-8232\"><p>S\u00ed, requerimos que todos los pedidos internacionales tengan una cantidad m\u00ednima de pedido continua. Si buscas revender pero en cantidades mucho menores, te recomendamos que visites nuestra web.<\/p><\/div>\n\t\t\t\t<\/div>\n\t\t\t\t\t\t\t<div class=\"elementor-toggle-item\">\n\t\t\t\t\t<div id=\"elementor-tab-title-8233\" class=\"elementor-tab-title\" data-tab=\"3\" role=\"tab\" aria-controls=\"elementor-tab-content-8233\" aria-expanded=\"false\">\n\t\t\t\t\t\t\t\t\t\t\t\t<span class=\"elementor-toggle-icon elementor-toggle-icon-left\" aria-hidden=\"true\">\n\t\t\t\t\t\t\t\t\t\t\t\t\t\t\t<span class=\"elementor-toggle-icon-closed\"><i class=\"fas fa-chevron-down\"><\/i><\/span>\n\t\t\t\t\t\t\t\t<span class=\"elementor-toggle-icon-opened\"><i class=\"elementor-toggle-icon-opened fas fa-chevron-up\"><\/i><\/span>\n\t\t\t\t\t\t\t\t\t\t\t\t\t<\/span>\n\t\t\t\t\t\t\t\t\t\t\t\t<a href=\"\" class=\"elementor-toggle-title\">P3: \u00bfPueden proporcionar la documentaci\u00f3n pertinente?<\/a>\n\t\t\t\t\t<\/div>\n\n\t\t\t\t\t<div id=\"elementor-tab-content-8233\" class=\"elementor-tab-content elementor-clearfix\" data-tab=\"3\" role=\"tabpanel\" aria-labelledby=\"elementor-tab-title-8233\"><p>S\u00ed, podemos proporcionar la mayor parte de la documentaci\u00f3n, incluidos Certificados de an\u00e1lisis\/conformidad; Seguro; Origen y otros documentos de exportaci\u00f3n cuando sean necesarios.<\/p><\/div>\n\t\t\t\t<\/div>\n\t\t\t\t\t\t\t<div class=\"elementor-toggle-item\">\n\t\t\t\t\t<div id=\"elementor-tab-title-8234\" class=\"elementor-tab-title\" data-tab=\"4\" role=\"tab\" aria-controls=\"elementor-tab-content-8234\" aria-expanded=\"false\">\n\t\t\t\t\t\t\t\t\t\t\t\t<span class=\"elementor-toggle-icon elementor-toggle-icon-left\" aria-hidden=\"true\">\n\t\t\t\t\t\t\t\t\t\t\t\t\t\t\t<span class=\"elementor-toggle-icon-closed\"><i class=\"fas fa-chevron-down\"><\/i><\/span>\n\t\t\t\t\t\t\t\t<span class=\"elementor-toggle-icon-opened\"><i class=\"elementor-toggle-icon-opened fas fa-chevron-up\"><\/i><\/span>\n\t\t\t\t\t\t\t\t\t\t\t\t\t<\/span>\n\t\t\t\t\t\t\t\t\t\t\t\t<a href=\"\" class=\"elementor-toggle-title\">P4: \u00bfCu\u00e1l es el plazo de entrega promedio?<\/a>\n\t\t\t\t\t<\/div>\n\n\t\t\t\t\t<div id=\"elementor-tab-content-8234\" class=\"elementor-tab-content elementor-clearfix\" data-tab=\"4\" role=\"tabpanel\" aria-labelledby=\"elementor-tab-title-8234\"><p>Para las muestras, el plazo de entrega es de aproximadamente 7 d\u00edas. Para la producci\u00f3n en masa, el plazo de entrega es de 20 a 30 d\u00edas despu\u00e9s de recibir el pago del dep\u00f3sito. Los plazos de entrega entran en vigencia cuando (1) hayamos recibido su dep\u00f3sito y (2) tengamos su aprobaci\u00f3n final para sus productos. Si nuestros plazos de entrega no se ajustan a su fecha l\u00edmite, revise sus requisitos con su venta. En todos los casos intentaremos adaptarnos a sus necesidades. En la mayor\u00eda de los casos podemos hacerlo.<\/p><\/div>\n\t\t\t\t<\/div>\n\t\t\t\t\t\t\t<div class=\"elementor-toggle-item\">\n\t\t\t\t\t<div id=\"elementor-tab-title-8235\" class=\"elementor-tab-title\" data-tab=\"5\" role=\"tab\" aria-controls=\"elementor-tab-content-8235\" aria-expanded=\"false\">\n\t\t\t\t\t\t\t\t\t\t\t\t<span class=\"elementor-toggle-icon elementor-toggle-icon-left\" aria-hidden=\"true\">\n\t\t\t\t\t\t\t\t\t\t\t\t\t\t\t<span class=\"elementor-toggle-icon-closed\"><i class=\"fas fa-chevron-down\"><\/i><\/span>\n\t\t\t\t\t\t\t\t<span class=\"elementor-toggle-icon-opened\"><i class=\"elementor-toggle-icon-opened fas fa-chevron-up\"><\/i><\/span>\n\t\t\t\t\t\t\t\t\t\t\t\t\t<\/span>\n\t\t\t\t\t\t\t\t\t\t\t\t<a href=\"\" class=\"elementor-toggle-title\">P5: \u00bfQu\u00e9 tipos de m\u00e9todos de pago aceptan?<\/a>\n\t\t\t\t\t<\/div>\n\n\t\t\t\t\t<div id=\"elementor-tab-content-8235\" class=\"elementor-tab-content elementor-clearfix\" data-tab=\"5\" role=\"tabpanel\" aria-labelledby=\"elementor-tab-title-8235\"><p>Puedes realizar el pago a nuestra cuenta bancaria, Western Union o PayPal:<br \/>Dep\u00f3sito de 30% por adelantado, saldo de 70% contra la copia de B\/L.<\/p><\/div>\n\t\t\t\t<\/div>\n\t\t\t\t\t\t\t<div class=\"elementor-toggle-item\">\n\t\t\t\t\t<div id=\"elementor-tab-title-8236\" class=\"elementor-tab-title\" data-tab=\"6\" role=\"tab\" aria-controls=\"elementor-tab-content-8236\" aria-expanded=\"false\">\n\t\t\t\t\t\t\t\t\t\t\t\t<span class=\"elementor-toggle-icon elementor-toggle-icon-left\" aria-hidden=\"true\">\n\t\t\t\t\t\t\t\t\t\t\t\t\t\t\t<span class=\"elementor-toggle-icon-closed\"><i class=\"fas fa-chevron-down\"><\/i><\/span>\n\t\t\t\t\t\t\t\t<span class=\"elementor-toggle-icon-opened\"><i class=\"elementor-toggle-icon-opened fas fa-chevron-up\"><\/i><\/span>\n\t\t\t\t\t\t\t\t\t\t\t\t\t<\/span>\n\t\t\t\t\t\t\t\t\t\t\t\t<a href=\"\" class=\"elementor-toggle-title\">P6: \u00bfCu\u00e1l es la garant\u00eda del producto?<\/a>\n\t\t\t\t\t<\/div>\n\n\t\t\t\t\t<div id=\"elementor-tab-content-8236\" class=\"elementor-tab-content elementor-clearfix\" data-tab=\"6\" role=\"tabpanel\" aria-labelledby=\"elementor-tab-title-8236\"><p>Garantizamos nuestros materiales y mano de obra. Nuestro compromiso es su satisfacci\u00f3n con nuestros productos. En garant\u00eda o no, la cultura de nuestra empresa es abordar y resolver todos los problemas de los clientes para la satisfacci\u00f3n de todos.<\/p><\/div>\n\t\t\t\t<\/div>\n\t\t\t\t\t\t\t<div class=\"elementor-toggle-item\">\n\t\t\t\t\t<div id=\"elementor-tab-title-8237\" class=\"elementor-tab-title\" data-tab=\"7\" role=\"tab\" aria-controls=\"elementor-tab-content-8237\" aria-expanded=\"false\">\n\t\t\t\t\t\t\t\t\t\t\t\t<span class=\"elementor-toggle-icon elementor-toggle-icon-left\" aria-hidden=\"true\">\n\t\t\t\t\t\t\t\t\t\t\t\t\t\t\t<span class=\"elementor-toggle-icon-closed\"><i class=\"fas fa-chevron-down\"><\/i><\/span>\n\t\t\t\t\t\t\t\t<span class=\"elementor-toggle-icon-opened\"><i class=\"elementor-toggle-icon-opened fas fa-chevron-up\"><\/i><\/span>\n\t\t\t\t\t\t\t\t\t\t\t\t\t<\/span>\n\t\t\t\t\t\t\t\t\t\t\t\t<a href=\"\" class=\"elementor-toggle-title\">P7: \u00bfGarantizan la entrega segura de productos?<\/a>\n\t\t\t\t\t<\/div>\n\n\t\t\t\t\t<div id=\"elementor-tab-content-8237\" class=\"elementor-tab-content elementor-clearfix\" data-tab=\"7\" role=\"tabpanel\" aria-labelledby=\"elementor-tab-title-8237\"><p>S\u00ed, siempre utilizamos embalajes de exportaci\u00f3n de alta calidad. Tambi\u00e9n utilizamos embalajes de riesgo especializados para mercanc\u00edas peligrosas y transportistas de almacenamiento en fr\u00edo validados para art\u00edculos sensibles a la temperatura. Los requisitos de embalaje especializado y embalaje no est\u00e1ndar pueden generar un cargo adicional.<\/p><\/div>\n\t\t\t\t<\/div>\n\t\t\t\t\t\t\t<div class=\"elementor-toggle-item\">\n\t\t\t\t\t<div id=\"elementor-tab-title-8238\" class=\"elementor-tab-title\" data-tab=\"8\" role=\"tab\" aria-controls=\"elementor-tab-content-8238\" aria-expanded=\"false\">\n\t\t\t\t\t\t\t\t\t\t\t\t<span class=\"elementor-toggle-icon elementor-toggle-icon-left\" aria-hidden=\"true\">\n\t\t\t\t\t\t\t\t\t\t\t\t\t\t\t<span class=\"elementor-toggle-icon-closed\"><i class=\"fas fa-chevron-down\"><\/i><\/span>\n\t\t\t\t\t\t\t\t<span class=\"elementor-toggle-icon-opened\"><i class=\"elementor-toggle-icon-opened fas fa-chevron-up\"><\/i><\/span>\n\t\t\t\t\t\t\t\t\t\t\t\t\t<\/span>\n\t\t\t\t\t\t\t\t\t\t\t\t<a href=\"\" class=\"elementor-toggle-title\">P8: \u00bfQu\u00e9 tal los gastos de env\u00edo?<\/a>\n\t\t\t\t\t<\/div>\n\n\t\t\t\t\t<div id=\"elementor-tab-content-8238\" class=\"elementor-tab-content elementor-clearfix\" data-tab=\"8\" role=\"tabpanel\" aria-labelledby=\"elementor-tab-title-8238\"><p>El costo de env\u00edo depende de la forma que elijas para recibir la mercanc\u00eda. El transporte expr\u00e9s suele ser el m\u00e1s r\u00e1pido pero tambi\u00e9n el m\u00e1s caro. El transporte mar\u00edtimo es la mejor soluci\u00f3n para grandes cantidades. Las tarifas exactas del flete s\u00f3lo podemos darle si conocemos los detalles de cantidad, peso y forma. Por favor cont\u00e1ctenos para m\u00e1s informaci\u00f3n.<\/p><\/div>\n\t\t\t\t<\/div>\n\t\t\t\t\t\t\t\t\t\t<script type=\"application\/ld+json\">{\"@context\":\"https:\\\/\\\/schema.org\",\"@type\":\"FAQPage\",\"mainEntity\":[{\"@type\":\"Question\",\"name\":\"Q1:What are your prices?\",\"acceptedAnswer\":{\"@type\":\"Answer\",\"text\":\"<p>Our prices are subject to change depending on supply and other market factors. We will send you an updated price list after your company contact us for further information.<\\\/p>\"}},{\"@type\":\"Question\",\"name\":\"Q2:Do you have a minimum order quantity?\",\"acceptedAnswer\":{\"@type\":\"Answer\",\"text\":\"<p>Yes, we require all international orders to have an ongoing minimum order quantity. If you are looking to resell but in much smaller quantities, we recommend you check out our website<\\\/p>\"}},{\"@type\":\"Question\",\"name\":\"Q3:Can you supply the relevant documentation?\",\"acceptedAnswer\":{\"@type\":\"Answer\",\"text\":\"<p>Yes, we can provide most documentation including Certificates of Analysis \\\/ Conformance; Insurance; Origin, and other export documents where required.<\\\/p>\"}},{\"@type\":\"Question\",\"name\":\"Q4:What is the average lead time?\",\"acceptedAnswer\":{\"@type\":\"Answer\",\"text\":\"<p>For samples, the lead time is about 7 days. For mass production, the lead time is 20-30 days after receiving the deposit payment. The lead times become effective when (1) we have received your deposit, and (2) we have your final approval for your products. If our lead times do not work with your deadline, please go over your requirements with your sale. In all cases we will try to accommodate your needs. In most cases we are able to do so.<\\\/p>\"}},{\"@type\":\"Question\",\"name\":\"Q5:What kinds of payment methods do you accept?\",\"acceptedAnswer\":{\"@type\":\"Answer\",\"text\":\"<p>You can make the payment to our bank account, Western Union or PayPal:<br \\\/>30% deposit in advance, 70% balance against the copy of B\\\/L.<\\\/p>\"}},{\"@type\":\"Question\",\"name\":\"Q6:What is the product warranty?\",\"acceptedAnswer\":{\"@type\":\"Answer\",\"text\":\"<p>We warranty our materials and workmanship. Our commitment is to your satisfaction with our products. In warranty or not, it is the culture of our company to address and resolve all customer issues to everyone\\u2019s satisfaction<\\\/p>\"}},{\"@type\":\"Question\",\"name\":\"Q7:Do you guarantee safe and secure delivery of products?\",\"acceptedAnswer\":{\"@type\":\"Answer\",\"text\":\"<p>Yes, we always use high quality export packaging. We also use specialized hazard packing for dangerous goods and validated cold storage shippers for temperature sensitive items. Specialist packaging and non-standard packing requirements may incur an additional charge.<\\\/p>\"}},{\"@type\":\"Question\",\"name\":\"Q8:How about the shipping fees?\",\"acceptedAnswer\":{\"@type\":\"Answer\",\"text\":\"<p>The shipping cost depends on the way you choose to get the goods. Express is normally the most quickest but also most expensive way. By seafreight is the best solution for big amounts. Exactly freight rates we can only give you if we know the details of amount, weight and way. Please contact us for further information.<\\\/p>\"}}]}<\/script>\n\t\t\t\t\t<\/div>\n\t\t\t\t<\/div>\n\t\t\t\t<\/div>\n\t\t\t\t\t<\/div>\n\t\t<\/div>\n\t\t\t\t\t\t\t<\/div>\n\t\t<\/section>\n\t\t\t\t\t\t\t<\/div>","protected":false},"excerpt":{"rendered":"<p>FAQ Q1:What are your prices? Our prices are subject to change depending on supply and other market factors. We will<\/p>","protected":false},"author":1,"featured_media":0,"parent":0,"menu_order":0,"comment_status":"closed","ping_status":"closed","template":"","meta":{"footnotes":""},"yoast_head":"<!-- This site is optimized with the Yoast SEO Premium plugin v19.2 (Yoast SEO v20.1) - https:\/\/yoast.com\/wordpress\/plugins\/seo\/ -->\n<title>FAQ - EM Laser Co., Ltd.<\/title>\n<meta name=\"robots\" content=\"index, follow, max-snippet:-1, max-image-preview:large, max-video-preview:-1\" \/>\n<link rel=\"canonical\" href=\"https:\/\/almabeauty-laser.com\/es\/faq\/\" \/>\n<meta property=\"og:locale\" content=\"es_ES\" \/>\n<meta property=\"og:type\" content=\"article\" \/>\n<meta property=\"og:title\" content=\"FAQ\" \/>\n<meta property=\"og:description\" content=\"FAQ Q1:What are your prices? Our prices are subject to change depending on supply and other market factors. We will\" \/>\n<meta property=\"og:url\" content=\"https:\/\/almabeauty-laser.com\/es\/faq\/\" \/>\n<meta property=\"og:site_name\" content=\"EM Laser Co., Ltd.\" \/>\n<meta property=\"article:modified_time\" content=\"2023-07-08T07:12:11+00:00\" \/>\n<meta name=\"twitter:card\" content=\"summary_large_image\" \/>\n<meta name=\"twitter:label1\" content=\"Tiempo de lectura\" \/>\n\t<meta name=\"twitter:data1\" content=\"2 minutos\" \/>\n<script type=\"application\/ld+json\" class=\"yoast-schema-graph\">{\"@context\":\"https:\/\/schema.org\",\"@graph\":[{\"@type\":\"WebPage\",\"@id\":\"https:\/\/almabeauty-laser.com\/es\/faq\/\",\"url\":\"https:\/\/almabeauty-laser.com\/es\/faq\/\",\"name\":\"FAQ - EM Laser Co., Ltd.\",\"isPartOf\":{\"@id\":\"https:\/\/almabeauty-laser.com\/#website\"},\"datePublished\":\"2023-07-03T06:42:29+00:00\",\"dateModified\":\"2023-07-08T07:12:11+00:00\",\"breadcrumb\":{\"@id\":\"https:\/\/almabeauty-laser.com\/es\/faq\/#breadcrumb\"},\"inLanguage\":\"es\",\"potentialAction\":[{\"@type\":\"ReadAction\",\"target\":[\"https:\/\/almabeauty-laser.com\/es\/faq\/\"]}]},{\"@type\":\"BreadcrumbList\",\"@id\":\"https:\/\/almabeauty-laser.com\/es\/faq\/#breadcrumb\",\"itemListElement\":[{\"@type\":\"ListItem\",\"position\":1,\"name\":\"Home\",\"item\":\"https:\/\/almabeauty-laser.com\/\"},{\"@type\":\"ListItem\",\"position\":2,\"name\":\"FAQ\"}]},{\"@type\":\"WebSite\",\"@id\":\"https:\/\/almabeauty-laser.com\/#website\",\"url\":\"https:\/\/almabeauty-laser.com\/\",\"name\":\"EM Laser Co., Ltd.\",\"description\":\"EM Laser Co., Ltd.\",\"potentialAction\":[{\"@type\":\"SearchAction\",\"target\":{\"@type\":\"EntryPoint\",\"urlTemplate\":\"https:\/\/almabeauty-laser.com\/?s={search_term_string}\"},\"query-input\":\"required name=search_term_string\"}],\"inLanguage\":\"es\"}]}<\/script>\n<!-- \/ Yoast SEO Premium plugin. -->","yoast_head_json":{"title":"FAQ - EM Laser Co., Ltd.","robots":{"index":"index","follow":"follow","max-snippet":"max-snippet:-1","max-image-preview":"max-image-preview:large","max-video-preview":"max-video-preview:-1"},"canonical":"https:\/\/almabeauty-laser.com\/es\/faq\/","og_locale":"es_ES","og_type":"article","og_title":"FAQ","og_description":"FAQ Q1:What are your prices? Our prices are subject to change depending on supply and other market factors. We will","og_url":"https:\/\/almabeauty-laser.com\/es\/faq\/","og_site_name":"EM Laser Co., Ltd.","article_modified_time":"2023-07-08T07:12:11+00:00","twitter_card":"summary_large_image","twitter_misc":{"Tiempo de lectura":"2 minutos"},"schema":{"@context":"https:\/\/schema.org","@graph":[{"@type":"WebPage","@id":"https:\/\/almabeauty-laser.com\/es\/faq\/","url":"https:\/\/almabeauty-laser.com\/es\/faq\/","name":"FAQ - EM Laser Co., Ltd.","isPartOf":{"@id":"https:\/\/almabeauty-laser.com\/#website"},"datePublished":"2023-07-03T06:42:29+00:00","dateModified":"2023-07-08T07:12:11+00:00","breadcrumb":{"@id":"https:\/\/almabeauty-laser.com\/es\/faq\/#breadcrumb"},"inLanguage":"es","potentialAction":[{"@type":"ReadAction","target":["https:\/\/almabeauty-laser.com\/es\/faq\/"]}]},{"@type":"BreadcrumbList","@id":"https:\/\/almabeauty-laser.com\/es\/faq\/#breadcrumb","itemListElement":[{"@type":"ListItem","position":1,"name":"Home","item":"https:\/\/almabeauty-laser.com\/"},{"@type":"ListItem","position":2,"name":"FAQ"}]},{"@type":"WebSite","@id":"https:\/\/almabeauty-laser.com\/#website","url":"https:\/\/almabeauty-laser.com\/","name":"EM Laser Co., Ltd.","description":"EM Laser Co., Ltd.","potentialAction":[{"@type":"SearchAction","target":{"@type":"EntryPoint","urlTemplate":"https:\/\/almabeauty-laser.com\/?s={search_term_string}"},"query-input":"required name=search_term_string"}],"inLanguage":"es"}]}},"_links":{"self":[{"href":"https:\/\/almabeauty-laser.com\/es\/wp-json\/wp\/v2\/pages\/444"}],"collection":[{"href":"https:\/\/almabeauty-laser.com\/es\/wp-json\/wp\/v2\/pages"}],"about":[{"href":"https:\/\/almabeauty-laser.com\/es\/wp-json\/wp\/v2\/types\/page"}],"author":[{"embeddable":true,"href":"https:\/\/almabeauty-laser.com\/es\/wp-json\/wp\/v2\/users\/1"}],"replies":[{"embeddable":true,"href":"https:\/\/almabeauty-laser.com\/es\/wp-json\/wp\/v2\/comments?post=444"}],"version-history":[{"count":20,"href":"https:\/\/almabeauty-laser.com\/es\/wp-json\/wp\/v2\/pages\/444\/revisions"}],"predecessor-version":[{"id":869,"href":"https:\/\/almabeauty-laser.com\/es\/wp-json\/wp\/v2\/pages\/444\/revisions\/869"}],"wp:attachment":[{"href":"https:\/\/almabeauty-laser.com\/es\/wp-json\/wp\/v2\/media?parent=444"}],"curies":[{"name":"wp","href":"https:\/\/api.w.org\/{rel}","templated":true}]}}