{"id":444,"date":"2023-07-03T06:42:29","date_gmt":"2023-07-03T06:42:29","guid":{"rendered":"https:\/\/almabeauty-laser.com\/?page_id=444"},"modified":"2023-07-08T07:12:11","modified_gmt":"2023-07-08T07:12:11","slug":"faq","status":"publish","type":"page","link":"https:\/\/almabeauty-laser.com\/tr\/faq\/","title":{"rendered":"SSS"},"content":{"rendered":"<div data-elementor-type=\"wp-page\" data-elementor-id=\"444\" class=\"elementor elementor-444\">\n\t\t\t\t\t\t\t\t\t<section class=\"wd-negative-gap elementor-section elementor-top-section elementor-element elementor-element-7240a059 wd-section-stretch elementor-section-boxed elementor-section-height-default elementor-section-height-default\" data-id=\"7240a059\" data-element_type=\"section\" data-settings=\"{&quot;background_background&quot;:&quot;classic&quot;}\">\n\t\t\t\t\t\t<div class=\"elementor-container elementor-column-gap-default\">\n\t\t\t\t\t<div class=\"elementor-column elementor-col-100 elementor-top-column elementor-element elementor-element-3618f365\" data-id=\"3618f365\" data-element_type=\"column\">\n\t\t\t<div class=\"elementor-widget-wrap elementor-element-populated\">\n\t\t\t\t\t\t\t\t<div class=\"elementor-element elementor-element-3e2e5cb7 elementor-widget elementor-widget-wd_text_block\" data-id=\"3e2e5cb7\" data-element_type=\"widget\" data-widget_type=\"wd_text_block.default\">\n\t\t\t\t<div class=\"elementor-widget-container\">\n\t\t\t\t\t<div class=\"wd-text-block reset-last-child text-center\">\n\t\t\t\n\t\t\t<p>SSS<\/p>\n\t\t\t\t\t<\/div>\n\t\t\t\t<\/div>\n\t\t\t\t<\/div>\n\t\t\t\t\t<\/div>\n\t\t<\/div>\n\t\t\t\t\t\t\t<\/div>\n\t\t<\/section>\n\t\t\t\t<section class=\"elementor-section elementor-top-section elementor-element elementor-element-58c5341c wd-section-stretch elementor-section-boxed elementor-section-height-default elementor-section-height-default\" data-id=\"58c5341c\" data-element_type=\"section\">\n\t\t\t\t\t\t<div class=\"elementor-container elementor-column-gap-default\">\n\t\t\t\t\t<div class=\"elementor-column elementor-col-100 elementor-top-column elementor-element elementor-element-5ee31fcb\" data-id=\"5ee31fcb\" data-element_type=\"column\">\n\t\t\t<div class=\"elementor-widget-wrap elementor-element-populated\">\n\t\t\t\t\t\t\t\t<div class=\"elementor-element elementor-element-31131940 elementor-widget elementor-widget-toggle\" data-id=\"31131940\" data-element_type=\"widget\" data-widget_type=\"toggle.default\">\n\t\t\t\t<div class=\"elementor-widget-container\">\n\t\t\t<style>\/*! elementor - v3.13.1 - 09-05-2023 *\/\n.elementor-toggle{text-align:left}.elementor-toggle .elementor-tab-title{font-weight:700;line-height:1;margin:0;padding:15px;border-bottom:1px solid #d5d8dc;cursor:pointer;outline:none}.elementor-toggle .elementor-tab-title .elementor-toggle-icon{display:inline-block;width:1em}.elementor-toggle .elementor-tab-title .elementor-toggle-icon svg{-webkit-margin-start:-5px;margin-inline-start:-5px;width:1em;height:1em}.elementor-toggle .elementor-tab-title .elementor-toggle-icon.elementor-toggle-icon-right{float:right;text-align:right}.elementor-toggle .elementor-tab-title .elementor-toggle-icon.elementor-toggle-icon-left{float:left;text-align:left}.elementor-toggle .elementor-tab-title .elementor-toggle-icon .elementor-toggle-icon-closed{display:block}.elementor-toggle .elementor-tab-title .elementor-toggle-icon .elementor-toggle-icon-opened{display:none}.elementor-toggle .elementor-tab-title.elementor-active{border-bottom:none}.elementor-toggle .elementor-tab-title.elementor-active .elementor-toggle-icon-closed{display:none}.elementor-toggle .elementor-tab-title.elementor-active .elementor-toggle-icon-opened{display:block}.elementor-toggle .elementor-tab-content{padding:15px;border-bottom:1px solid #d5d8dc;display:none}@media (max-width:767px){.elementor-toggle .elementor-tab-title{padding:12px}.elementor-toggle .elementor-tab-content{padding:12px 10px}}.e-con-inner>.elementor-widget-toggle,.e-con>.elementor-widget-toggle{width:var(--container-widget-width);--flex-grow:var(--container-widget-flex-grow)}<\/style>\t\t<div class=\"elementor-toggle\" role=\"tablist\">\n\t\t\t\t\t\t\t<div class=\"elementor-toggle-item\">\n\t\t\t\t\t<div id=\"elementor-tab-title-8231\" class=\"elementor-tab-title\" data-tab=\"1\" role=\"tab\" aria-controls=\"elementor-tab-content-8231\" aria-expanded=\"false\">\n\t\t\t\t\t\t\t\t\t\t\t\t<span class=\"elementor-toggle-icon elementor-toggle-icon-left\" aria-hidden=\"true\">\n\t\t\t\t\t\t\t\t\t\t\t\t\t\t\t<span class=\"elementor-toggle-icon-closed\"><i class=\"fas fa-chevron-down\"><\/i><\/span>\n\t\t\t\t\t\t\t\t<span class=\"elementor-toggle-icon-opened\"><i class=\"elementor-toggle-icon-opened fas fa-chevron-up\"><\/i><\/span>\n\t\t\t\t\t\t\t\t\t\t\t\t\t<\/span>\n\t\t\t\t\t\t\t\t\t\t\t\t<a href=\"\" class=\"elementor-toggle-title\">S1: Fiyatlar\u0131n\u0131z nelerdir?<\/a>\n\t\t\t\t\t<\/div>\n\n\t\t\t\t\t<div id=\"elementor-tab-content-8231\" class=\"elementor-tab-content elementor-clearfix\" data-tab=\"1\" role=\"tabpanel\" aria-labelledby=\"elementor-tab-title-8231\"><p>Fiyatlar\u0131m\u0131z arz ve di\u011fer piyasa fakt\u00f6rlerine ba\u011fl\u0131 olarak de\u011fi\u015febilir. Firman\u0131z daha fazla bilgi i\u00e7in bizimle ileti\u015fime ge\u00e7tikten sonra size g\u00fcncellenmi\u015f bir fiyat listesi g\u00f6nderece\u011fiz.<\/p><\/div>\n\t\t\t\t<\/div>\n\t\t\t\t\t\t\t<div class=\"elementor-toggle-item\">\n\t\t\t\t\t<div id=\"elementor-tab-title-8232\" class=\"elementor-tab-title\" data-tab=\"2\" role=\"tab\" aria-controls=\"elementor-tab-content-8232\" aria-expanded=\"false\">\n\t\t\t\t\t\t\t\t\t\t\t\t<span class=\"elementor-toggle-icon elementor-toggle-icon-left\" aria-hidden=\"true\">\n\t\t\t\t\t\t\t\t\t\t\t\t\t\t\t<span class=\"elementor-toggle-icon-closed\"><i class=\"fas fa-chevron-down\"><\/i><\/span>\n\t\t\t\t\t\t\t\t<span class=\"elementor-toggle-icon-opened\"><i class=\"elementor-toggle-icon-opened fas fa-chevron-up\"><\/i><\/span>\n\t\t\t\t\t\t\t\t\t\t\t\t\t<\/span>\n\t\t\t\t\t\t\t\t\t\t\t\t<a href=\"\" class=\"elementor-toggle-title\">S2: Minimum sipari\u015f miktar\u0131n\u0131z var m\u0131?<\/a>\n\t\t\t\t\t<\/div>\n\n\t\t\t\t\t<div id=\"elementor-tab-content-8232\" class=\"elementor-tab-content elementor-clearfix\" data-tab=\"2\" role=\"tabpanel\" aria-labelledby=\"elementor-tab-title-8232\"><p>Evet, t\u00fcm uluslararas\u0131 sipari\u015flerin devam eden bir minimum sipari\u015f miktar\u0131na sahip olmas\u0131n\u0131 \u015fart ko\u015fuyoruz. \u00c7ok daha k\u00fc\u00e7\u00fck miktarlarda yeniden satmak istiyorsan\u0131z web sitemize g\u00f6z atman\u0131z\u0131 \u00f6neririz.<\/p><\/div>\n\t\t\t\t<\/div>\n\t\t\t\t\t\t\t<div class=\"elementor-toggle-item\">\n\t\t\t\t\t<div id=\"elementor-tab-title-8233\" class=\"elementor-tab-title\" data-tab=\"3\" role=\"tab\" aria-controls=\"elementor-tab-content-8233\" aria-expanded=\"false\">\n\t\t\t\t\t\t\t\t\t\t\t\t<span class=\"elementor-toggle-icon elementor-toggle-icon-left\" aria-hidden=\"true\">\n\t\t\t\t\t\t\t\t\t\t\t\t\t\t\t<span class=\"elementor-toggle-icon-closed\"><i class=\"fas fa-chevron-down\"><\/i><\/span>\n\t\t\t\t\t\t\t\t<span class=\"elementor-toggle-icon-opened\"><i class=\"elementor-toggle-icon-opened fas fa-chevron-up\"><\/i><\/span>\n\t\t\t\t\t\t\t\t\t\t\t\t\t<\/span>\n\t\t\t\t\t\t\t\t\t\t\t\t<a href=\"\" class=\"elementor-toggle-title\">S3: \u0130lgili belgeleri sa\u011flayabilir misiniz?<\/a>\n\t\t\t\t\t<\/div>\n\n\t\t\t\t\t<div id=\"elementor-tab-content-8233\" class=\"elementor-tab-content elementor-clearfix\" data-tab=\"3\" role=\"tabpanel\" aria-labelledby=\"elementor-tab-title-8233\"><p>Evet, Analiz \/ Uygunluk Sertifikalar\u0131 dahil olmak \u00fczere \u00e7o\u011fu belgeyi sa\u011flayabiliriz; Sigorta; Men\u015fei ve gerekti\u011finde di\u011fer ihracat belgeleri.<\/p><\/div>\n\t\t\t\t<\/div>\n\t\t\t\t\t\t\t<div class=\"elementor-toggle-item\">\n\t\t\t\t\t<div id=\"elementor-tab-title-8234\" class=\"elementor-tab-title\" data-tab=\"4\" role=\"tab\" aria-controls=\"elementor-tab-content-8234\" aria-expanded=\"false\">\n\t\t\t\t\t\t\t\t\t\t\t\t<span class=\"elementor-toggle-icon elementor-toggle-icon-left\" aria-hidden=\"true\">\n\t\t\t\t\t\t\t\t\t\t\t\t\t\t\t<span class=\"elementor-toggle-icon-closed\"><i class=\"fas fa-chevron-down\"><\/i><\/span>\n\t\t\t\t\t\t\t\t<span class=\"elementor-toggle-icon-opened\"><i class=\"elementor-toggle-icon-opened fas fa-chevron-up\"><\/i><\/span>\n\t\t\t\t\t\t\t\t\t\t\t\t\t<\/span>\n\t\t\t\t\t\t\t\t\t\t\t\t<a href=\"\" class=\"elementor-toggle-title\">S4: Ortalama teslim s\u00fcresi nedir?<\/a>\n\t\t\t\t\t<\/div>\n\n\t\t\t\t\t<div id=\"elementor-tab-content-8234\" class=\"elementor-tab-content elementor-clearfix\" data-tab=\"4\" role=\"tabpanel\" aria-labelledby=\"elementor-tab-title-8234\"><p>Numuneler i\u00e7in teslim s\u00fcresi yakla\u015f\u0131k 7 g\u00fcnd\u00fcr. Seri \u00fcretim i\u00e7in teslim s\u00fcresi, depozito \u00f6demesini ald\u0131ktan sonra 20-30 g\u00fcnd\u00fcr. Teslim s\u00fcreleri (1) depozitonuzu ald\u0131\u011f\u0131m\u0131zda ve (2) \u00fcr\u00fcnleriniz i\u00e7in nihai onay\u0131n\u0131z\u0131 ald\u0131\u011f\u0131m\u0131zda ge\u00e7erli olur. Teslimat s\u00fcrelerimiz son teslim tarihinize uymuyorsa, l\u00fctfen sat\u0131\u015f\u0131n\u0131zla ilgili gereksinimlerinizi g\u00f6zden ge\u00e7irin. Her durumda ihtiya\u00e7lar\u0131n\u0131z\u0131 kar\u015f\u0131lamaya \u00e7al\u0131\u015faca\u011f\u0131z. \u00c7o\u011fu durumda bunu ba\u015farabiliyoruz.<\/p><\/div>\n\t\t\t\t<\/div>\n\t\t\t\t\t\t\t<div class=\"elementor-toggle-item\">\n\t\t\t\t\t<div id=\"elementor-tab-title-8235\" class=\"elementor-tab-title\" data-tab=\"5\" role=\"tab\" aria-controls=\"elementor-tab-content-8235\" aria-expanded=\"false\">\n\t\t\t\t\t\t\t\t\t\t\t\t<span class=\"elementor-toggle-icon elementor-toggle-icon-left\" aria-hidden=\"true\">\n\t\t\t\t\t\t\t\t\t\t\t\t\t\t\t<span class=\"elementor-toggle-icon-closed\"><i class=\"fas fa-chevron-down\"><\/i><\/span>\n\t\t\t\t\t\t\t\t<span class=\"elementor-toggle-icon-opened\"><i class=\"elementor-toggle-icon-opened fas fa-chevron-up\"><\/i><\/span>\n\t\t\t\t\t\t\t\t\t\t\t\t\t<\/span>\n\t\t\t\t\t\t\t\t\t\t\t\t<a href=\"\" class=\"elementor-toggle-title\">S5: Ne t\u00fcr \u00f6deme y\u00f6ntemlerini kabul ediyorsunuz?<\/a>\n\t\t\t\t\t<\/div>\n\n\t\t\t\t\t<div id=\"elementor-tab-content-8235\" class=\"elementor-tab-content elementor-clearfix\" data-tab=\"5\" role=\"tabpanel\" aria-labelledby=\"elementor-tab-title-8235\"><p>\u00d6demeyi banka hesab\u0131m\u0131za, Western Union&#039;a veya PayPal&#039;a yapabilirsiniz:<br \/>30% pe\u015fin olarak yat\u0131r\u0131l\u0131r, 70% bakiyesi kon\u015fimento kopyas\u0131 kar\u015f\u0131l\u0131\u011f\u0131nda.<\/p><\/div>\n\t\t\t\t<\/div>\n\t\t\t\t\t\t\t<div class=\"elementor-toggle-item\">\n\t\t\t\t\t<div id=\"elementor-tab-title-8236\" class=\"elementor-tab-title\" data-tab=\"6\" role=\"tab\" aria-controls=\"elementor-tab-content-8236\" aria-expanded=\"false\">\n\t\t\t\t\t\t\t\t\t\t\t\t<span class=\"elementor-toggle-icon elementor-toggle-icon-left\" aria-hidden=\"true\">\n\t\t\t\t\t\t\t\t\t\t\t\t\t\t\t<span class=\"elementor-toggle-icon-closed\"><i class=\"fas fa-chevron-down\"><\/i><\/span>\n\t\t\t\t\t\t\t\t<span class=\"elementor-toggle-icon-opened\"><i class=\"elementor-toggle-icon-opened fas fa-chevron-up\"><\/i><\/span>\n\t\t\t\t\t\t\t\t\t\t\t\t\t<\/span>\n\t\t\t\t\t\t\t\t\t\t\t\t<a href=\"\" class=\"elementor-toggle-title\">S6: \u00dcr\u00fcn garantisi nedir?<\/a>\n\t\t\t\t\t<\/div>\n\n\t\t\t\t\t<div id=\"elementor-tab-content-8236\" class=\"elementor-tab-content elementor-clearfix\" data-tab=\"6\" role=\"tabpanel\" aria-labelledby=\"elementor-tab-title-8236\"><p>Malzeme ve i\u015f\u00e7ili\u011fimize garanti veriyoruz. Taahh\u00fcd\u00fcm\u00fcz \u00fcr\u00fcnlerimizden memnun kalman\u0131zd\u0131r. Garanti kapsam\u0131nda olsun veya olmas\u0131n, t\u00fcm m\u00fc\u015fteri sorunlar\u0131n\u0131 herkesi memnun edecek \u015fekilde ele almak ve \u00e7\u00f6zmek \u015firketimizin k\u00fclt\u00fcr\u00fcd\u00fcr.<\/p><\/div>\n\t\t\t\t<\/div>\n\t\t\t\t\t\t\t<div class=\"elementor-toggle-item\">\n\t\t\t\t\t<div id=\"elementor-tab-title-8237\" class=\"elementor-tab-title\" data-tab=\"7\" role=\"tab\" aria-controls=\"elementor-tab-content-8237\" aria-expanded=\"false\">\n\t\t\t\t\t\t\t\t\t\t\t\t<span class=\"elementor-toggle-icon elementor-toggle-icon-left\" aria-hidden=\"true\">\n\t\t\t\t\t\t\t\t\t\t\t\t\t\t\t<span class=\"elementor-toggle-icon-closed\"><i class=\"fas fa-chevron-down\"><\/i><\/span>\n\t\t\t\t\t\t\t\t<span class=\"elementor-toggle-icon-opened\"><i class=\"elementor-toggle-icon-opened fas fa-chevron-up\"><\/i><\/span>\n\t\t\t\t\t\t\t\t\t\t\t\t\t<\/span>\n\t\t\t\t\t\t\t\t\t\t\t\t<a href=\"\" class=\"elementor-toggle-title\">S7: \u00dcr\u00fcnlerin g\u00fcvenli ve g\u00fcvenli teslimat\u0131n\u0131 garanti ediyor musunuz?<\/a>\n\t\t\t\t\t<\/div>\n\n\t\t\t\t\t<div id=\"elementor-tab-content-8237\" class=\"elementor-tab-content elementor-clearfix\" data-tab=\"7\" role=\"tabpanel\" aria-labelledby=\"elementor-tab-title-8237\"><p>Evet, her zaman y\u00fcksek kaliteli ihracat ambalajlar\u0131 kullan\u0131yoruz. Ayr\u0131ca tehlikeli maddeler i\u00e7in \u00f6zel tehlike ambalajlar\u0131 ve s\u0131cakl\u0131\u011fa duyarl\u0131 maddeler i\u00e7in onayl\u0131 so\u011fuk hava depolar\u0131 nakliyecileri kullan\u0131yoruz. \u00d6zel paketleme ve standart d\u0131\u015f\u0131 paketleme gereksinimleri ek \u00fccrete tabi olabilir.<\/p><\/div>\n\t\t\t\t<\/div>\n\t\t\t\t\t\t\t<div class=\"elementor-toggle-item\">\n\t\t\t\t\t<div id=\"elementor-tab-title-8238\" class=\"elementor-tab-title\" data-tab=\"8\" role=\"tab\" aria-controls=\"elementor-tab-content-8238\" aria-expanded=\"false\">\n\t\t\t\t\t\t\t\t\t\t\t\t<span class=\"elementor-toggle-icon elementor-toggle-icon-left\" aria-hidden=\"true\">\n\t\t\t\t\t\t\t\t\t\t\t\t\t\t\t<span class=\"elementor-toggle-icon-closed\"><i class=\"fas fa-chevron-down\"><\/i><\/span>\n\t\t\t\t\t\t\t\t<span class=\"elementor-toggle-icon-opened\"><i class=\"elementor-toggle-icon-opened fas fa-chevron-up\"><\/i><\/span>\n\t\t\t\t\t\t\t\t\t\t\t\t\t<\/span>\n\t\t\t\t\t\t\t\t\t\t\t\t<a href=\"\" class=\"elementor-toggle-title\">S8: Nakliye \u00fccretleri ne durumda?<\/a>\n\t\t\t\t\t<\/div>\n\n\t\t\t\t\t<div id=\"elementor-tab-content-8238\" class=\"elementor-tab-content elementor-clearfix\" data-tab=\"8\" role=\"tabpanel\" aria-labelledby=\"elementor-tab-title-8238\"><p>Nakliye maliyeti, mallar\u0131 almay\u0131 se\u00e7ti\u011finiz yola ba\u011fl\u0131d\u0131r. Ekspres normalde en h\u0131zl\u0131 ama ayn\u0131 zamanda en pahal\u0131 yoldur. B\u00fcy\u00fck miktarlar i\u00e7in deniz ta\u015f\u0131mac\u0131l\u0131\u011f\u0131 en iyi \u00e7\u00f6z\u00fcmd\u00fcr. Tam navlun oranlar\u0131n\u0131 ancak miktar, a\u011f\u0131rl\u0131k ve yol ayr\u0131nt\u0131lar\u0131n\u0131 biliyorsak size verebiliriz. Daha fazla bilgi i\u00e7in l\u00fctfen bizimle ileti\u015fime ge\u00e7in.<\/p><\/div>\n\t\t\t\t<\/div>\n\t\t\t\t\t\t\t\t\t\t<script type=\"application\/ld+json\">{\"@context\":\"https:\\\/\\\/schema.org\",\"@type\":\"FAQPage\",\"mainEntity\":[{\"@type\":\"Question\",\"name\":\"Q1:What are your prices?\",\"acceptedAnswer\":{\"@type\":\"Answer\",\"text\":\"<p>Our prices are subject to change depending on supply and other market factors. We will send you an updated price list after your company contact us for further information.<\\\/p>\"}},{\"@type\":\"Question\",\"name\":\"Q2:Do you have a minimum order quantity?\",\"acceptedAnswer\":{\"@type\":\"Answer\",\"text\":\"<p>Yes, we require all international orders to have an ongoing minimum order quantity. If you are looking to resell but in much smaller quantities, we recommend you check out our website<\\\/p>\"}},{\"@type\":\"Question\",\"name\":\"Q3:Can you supply the relevant documentation?\",\"acceptedAnswer\":{\"@type\":\"Answer\",\"text\":\"<p>Yes, we can provide most documentation including Certificates of Analysis \\\/ Conformance; Insurance; Origin, and other export documents where required.<\\\/p>\"}},{\"@type\":\"Question\",\"name\":\"Q4:What is the average lead time?\",\"acceptedAnswer\":{\"@type\":\"Answer\",\"text\":\"<p>For samples, the lead time is about 7 days. For mass production, the lead time is 20-30 days after receiving the deposit payment. The lead times become effective when (1) we have received your deposit, and (2) we have your final approval for your products. If our lead times do not work with your deadline, please go over your requirements with your sale. In all cases we will try to accommodate your needs. In most cases we are able to do so.<\\\/p>\"}},{\"@type\":\"Question\",\"name\":\"Q5:What kinds of payment methods do you accept?\",\"acceptedAnswer\":{\"@type\":\"Answer\",\"text\":\"<p>You can make the payment to our bank account, Western Union or PayPal:<br \\\/>30% deposit in advance, 70% balance against the copy of B\\\/L.<\\\/p>\"}},{\"@type\":\"Question\",\"name\":\"Q6:What is the product warranty?\",\"acceptedAnswer\":{\"@type\":\"Answer\",\"text\":\"<p>We warranty our materials and workmanship. Our commitment is to your satisfaction with our products. In warranty or not, it is the culture of our company to address and resolve all customer issues to everyone\\u2019s satisfaction<\\\/p>\"}},{\"@type\":\"Question\",\"name\":\"Q7:Do you guarantee safe and secure delivery of products?\",\"acceptedAnswer\":{\"@type\":\"Answer\",\"text\":\"<p>Yes, we always use high quality export packaging. We also use specialized hazard packing for dangerous goods and validated cold storage shippers for temperature sensitive items. Specialist packaging and non-standard packing requirements may incur an additional charge.<\\\/p>\"}},{\"@type\":\"Question\",\"name\":\"Q8:How about the shipping fees?\",\"acceptedAnswer\":{\"@type\":\"Answer\",\"text\":\"<p>The shipping cost depends on the way you choose to get the goods. Express is normally the most quickest but also most expensive way. By seafreight is the best solution for big amounts. Exactly freight rates we can only give you if we know the details of amount, weight and way. Please contact us for further information.<\\\/p>\"}}]}<\/script>\n\t\t\t\t\t<\/div>\n\t\t\t\t<\/div>\n\t\t\t\t<\/div>\n\t\t\t\t\t<\/div>\n\t\t<\/div>\n\t\t\t\t\t\t\t<\/div>\n\t\t<\/section>\n\t\t\t\t\t\t\t<\/div>","protected":false},"excerpt":{"rendered":"<p>FAQ Q1:What are your prices? Our prices are subject to change depending on supply and other market factors. We will<\/p>","protected":false},"author":1,"featured_media":0,"parent":0,"menu_order":0,"comment_status":"closed","ping_status":"closed","template":"","meta":{"footnotes":""},"yoast_head":"<!-- This site is optimized with the Yoast SEO Premium plugin v19.2 (Yoast SEO v20.1) - https:\/\/yoast.com\/wordpress\/plugins\/seo\/ -->\n<title>FAQ - EM Laser Co., Ltd.<\/title>\n<meta name=\"robots\" content=\"index, follow, max-snippet:-1, max-image-preview:large, max-video-preview:-1\" \/>\n<link rel=\"canonical\" href=\"https:\/\/almabeauty-laser.com\/tr\/faq\/\" \/>\n<meta property=\"og:locale\" content=\"tr_TR\" \/>\n<meta property=\"og:type\" content=\"article\" \/>\n<meta property=\"og:title\" content=\"FAQ\" \/>\n<meta property=\"og:description\" content=\"FAQ Q1:What are your prices? Our prices are subject to change depending on supply and other market factors. We will\" \/>\n<meta property=\"og:url\" content=\"https:\/\/almabeauty-laser.com\/tr\/faq\/\" \/>\n<meta property=\"og:site_name\" content=\"EM Laser Co., Ltd.\" \/>\n<meta property=\"article:modified_time\" content=\"2023-07-08T07:12:11+00:00\" \/>\n<meta name=\"twitter:card\" content=\"summary_large_image\" \/>\n<meta name=\"twitter:label1\" content=\"Tahmini okuma s\u00fcresi\" \/>\n\t<meta name=\"twitter:data1\" content=\"2 dakika\" \/>\n<script type=\"application\/ld+json\" class=\"yoast-schema-graph\">{\"@context\":\"https:\/\/schema.org\",\"@graph\":[{\"@type\":\"WebPage\",\"@id\":\"https:\/\/almabeauty-laser.com\/es\/faq\/\",\"url\":\"https:\/\/almabeauty-laser.com\/es\/faq\/\",\"name\":\"FAQ - EM Laser Co., Ltd.\",\"isPartOf\":{\"@id\":\"https:\/\/almabeauty-laser.com\/#website\"},\"datePublished\":\"2023-07-03T06:42:29+00:00\",\"dateModified\":\"2023-07-08T07:12:11+00:00\",\"breadcrumb\":{\"@id\":\"https:\/\/almabeauty-laser.com\/es\/faq\/#breadcrumb\"},\"inLanguage\":\"tr\",\"potentialAction\":[{\"@type\":\"ReadAction\",\"target\":[\"https:\/\/almabeauty-laser.com\/es\/faq\/\"]}]},{\"@type\":\"BreadcrumbList\",\"@id\":\"https:\/\/almabeauty-laser.com\/es\/faq\/#breadcrumb\",\"itemListElement\":[{\"@type\":\"ListItem\",\"position\":1,\"name\":\"Home\",\"item\":\"https:\/\/almabeauty-laser.com\/\"},{\"@type\":\"ListItem\",\"position\":2,\"name\":\"FAQ\"}]},{\"@type\":\"WebSite\",\"@id\":\"https:\/\/almabeauty-laser.com\/#website\",\"url\":\"https:\/\/almabeauty-laser.com\/\",\"name\":\"EM Laser Co., Ltd.\",\"description\":\"EM Laser Co., Ltd.\",\"potentialAction\":[{\"@type\":\"SearchAction\",\"target\":{\"@type\":\"EntryPoint\",\"urlTemplate\":\"https:\/\/almabeauty-laser.com\/?s={search_term_string}\"},\"query-input\":\"required name=search_term_string\"}],\"inLanguage\":\"tr\"}]}<\/script>\n<!-- \/ Yoast SEO Premium plugin. -->","yoast_head_json":{"title":"FAQ - EM Laser Co., Ltd.","robots":{"index":"index","follow":"follow","max-snippet":"max-snippet:-1","max-image-preview":"max-image-preview:large","max-video-preview":"max-video-preview:-1"},"canonical":"https:\/\/almabeauty-laser.com\/tr\/faq\/","og_locale":"tr_TR","og_type":"article","og_title":"FAQ","og_description":"FAQ Q1:What are your prices? Our prices are subject to change depending on supply and other market factors. We will","og_url":"https:\/\/almabeauty-laser.com\/tr\/faq\/","og_site_name":"EM Laser Co., Ltd.","article_modified_time":"2023-07-08T07:12:11+00:00","twitter_card":"summary_large_image","twitter_misc":{"Tahmini okuma s\u00fcresi":"2 dakika"},"schema":{"@context":"https:\/\/schema.org","@graph":[{"@type":"WebPage","@id":"https:\/\/almabeauty-laser.com\/es\/faq\/","url":"https:\/\/almabeauty-laser.com\/es\/faq\/","name":"FAQ - EM Laser Co., Ltd.","isPartOf":{"@id":"https:\/\/almabeauty-laser.com\/#website"},"datePublished":"2023-07-03T06:42:29+00:00","dateModified":"2023-07-08T07:12:11+00:00","breadcrumb":{"@id":"https:\/\/almabeauty-laser.com\/es\/faq\/#breadcrumb"},"inLanguage":"tr","potentialAction":[{"@type":"ReadAction","target":["https:\/\/almabeauty-laser.com\/es\/faq\/"]}]},{"@type":"BreadcrumbList","@id":"https:\/\/almabeauty-laser.com\/es\/faq\/#breadcrumb","itemListElement":[{"@type":"ListItem","position":1,"name":"Home","item":"https:\/\/almabeauty-laser.com\/"},{"@type":"ListItem","position":2,"name":"FAQ"}]},{"@type":"WebSite","@id":"https:\/\/almabeauty-laser.com\/#website","url":"https:\/\/almabeauty-laser.com\/","name":"EM Laser Co., Ltd.","description":"EM Laser Co., Ltd.","potentialAction":[{"@type":"SearchAction","target":{"@type":"EntryPoint","urlTemplate":"https:\/\/almabeauty-laser.com\/?s={search_term_string}"},"query-input":"required name=search_term_string"}],"inLanguage":"tr"}]}},"_links":{"self":[{"href":"https:\/\/almabeauty-laser.com\/tr\/wp-json\/wp\/v2\/pages\/444"}],"collection":[{"href":"https:\/\/almabeauty-laser.com\/tr\/wp-json\/wp\/v2\/pages"}],"about":[{"href":"https:\/\/almabeauty-laser.com\/tr\/wp-json\/wp\/v2\/types\/page"}],"author":[{"embeddable":true,"href":"https:\/\/almabeauty-laser.com\/tr\/wp-json\/wp\/v2\/users\/1"}],"replies":[{"embeddable":true,"href":"https:\/\/almabeauty-laser.com\/tr\/wp-json\/wp\/v2\/comments?post=444"}],"version-history":[{"count":20,"href":"https:\/\/almabeauty-laser.com\/tr\/wp-json\/wp\/v2\/pages\/444\/revisions"}],"predecessor-version":[{"id":869,"href":"https:\/\/almabeauty-laser.com\/tr\/wp-json\/wp\/v2\/pages\/444\/revisions\/869"}],"wp:attachment":[{"href":"https:\/\/almabeauty-laser.com\/tr\/wp-json\/wp\/v2\/media?parent=444"}],"curies":[{"name":"wp","href":"https:\/\/api.w.org\/{rel}","templated":true}]}}